{"id":784,"date":"2024-06-06T22:06:04","date_gmt":"2024-06-06T20:06:04","guid":{"rendered":"https:\/\/stonehead.at\/?post_type=product&#038;p=784"},"modified":"2024-12-02T00:01:43","modified_gmt":"2024-12-01T23:01:43","slug":"stonehead-rtm-herren-t-shirt","status":"publish","type":"product","link":"https:\/\/stonehead.at\/hu\/stonehead-rtm-herren-t-shirt\/","title":{"rendered":"StoneHead\u00ae RTM F\u00e9rfi P\u00f3l\u00f3"},"content":{"rendered":"","protected":false},"excerpt":{"rendered":"<p>Kiv\u00e1l\u00f3 min\u0151s\u00e9g\u0171 gy\u0171r\u0171sfon\u00e1s\u00fa \u00e9s f\u00e9s\u00fclt bio pamutb\u00f3l k\u00e9sz\u00fclt. A kerek nyakkiv\u00e1g\u00e1ssal, r\u00f6vid ujjakkal \u00e9s oldals\u00f3 varr\u00e1sokkal ell\u00e1tott p\u00f3l\u00f3nk leny\u0171g\u00f6z\u0151 k\u00f6nny\u0171, szuperpuha min\u0151s\u00e9g\u00e9vel \u00e9s modern szab\u00e1s\u00e1val, amely t\u00f6k\u00e9letesen illeszkedik.<\/p>\n<ul>\n<li>Min\u0151s\u00e9g: 100% pamut - f\u00e9s\u00fclt, gy\u0171r\u0171sfon\u00e1s\u00fa organikus vagy \u00e1talak\u00edtott organikus pamut.<\/li>\n<li>M\u00e9ret: S, M, L, XL, XL, 2XL,<\/li>\n<li>S\u00faly : 175 g\/m2<\/li>\n<\/ul>\n<p> <a class=\"continue\" href=\"https:\/\/stonehead.at\/hu\/stonehead-rtm-herren-t-shirt\/\">Continue Reading<span> StoneHead\u00ae RTM F\u00e9rfi P\u00f3l\u00f3<\/span><\/a><\/p>","protected":false},"featured_media":796,"comment_status":"open","ping_status":"closed","template":"","meta":{"site-sidebar-layout":"default","site-content-layout":"","ast-site-content-layout":"default","site-content-style":"default","site-sidebar-style":"default","ast-global-header-display":"","ast-banner-title-visibility":"","ast-main-header-display":"","ast-hfb-above-header-display":"","ast-hfb-below-header-display":"","ast-hfb-mobile-header-display":"","site-post-title":"","ast-breadcrumbs-content":"","ast-featured-img":"","footer-sml-layout":"","ast-disable-related-posts":"","theme-transparent-header-meta":"default","adv-header-id-meta":"","stick-header-meta":"","header-above-stick-meta":"","header-main-stick-meta":"","header-below-stick-meta":"","astra-migrate-meta-layouts":"set","ast-page-background-enabled":"default","ast-page-background-meta":{"desktop":{"background-color":"var(--ast-global-color-4)","background-image":"","background-repeat":"repeat","background-position":"center center","background-size":"auto","background-attachment":"scroll","background-type":"","background-media":"","overlay-type":"","overlay-color":"","overlay-opacity":"","overlay-gradient":""},"tablet":{"background-color":"","background-image":"","background-repeat":"repeat","background-position":"center center","background-size":"auto","background-attachment":"scroll","background-type":"","background-media":"","overlay-type":"","overlay-color":"","overlay-opacity":"","overlay-gradient":""},"mobile":{"background-color":"","background-image":"","background-repeat":"repeat","background-position":"center center","background-size":"auto","background-attachment":"scroll","background-type":"","background-media":"","overlay-type":"","overlay-color":"","overlay-opacity":"","overlay-gradient":""}},"ast-content-background-meta":{"desktop":{"background-color":"var(--ast-global-color-5)","background-image":"","background-repeat":"repeat","background-position":"center center","background-size":"auto","background-attachment":"scroll","background-type":"","background-media":"","overlay-type":"","overlay-color":"","overlay-opacity":"","overlay-gradient":""},"tablet":{"background-color":"var(--ast-global-color-5)","background-image":"","background-repeat":"repeat","background-position":"center center","background-size":"auto","background-attachment":"scroll","background-type":"","background-media":"","overlay-type":"","overlay-color":"","overlay-opacity":"","overlay-gradient":""},"mobile":{"background-color":"var(--ast-global-color-5)","background-image":"","background-repeat":"repeat","background-position":"center center","background-size":"auto","background-attachment":"scroll","background-type":"","background-media":"","overlay-type":"","overlay-color":"","overlay-opacity":"","overlay-gradient":""}}},"product_brand":[],"product_cat":[47,46],"product_tag":[],"class_list":{"0":"post-784","1":"product","2":"type-product","3":"status-publish","4":"has-post-thumbnail","6":"product_cat-maenner","7":"product_cat-t-shirts-maenner","8":"pa_groesse-s","9":"pa_groesse-m","10":"pa_groesse-l","11":"pa_groesse-xl","12":"pa_rtm-t-shirt-farbe-schwarz","13":"pa_rtm-t-shirt-farbe-weiss","14":"desktop-align-left","15":"tablet-align-left","16":"mobile-align-left","18":"first","19":"instock","20":"shipping-taxable","21":"purchasable","22":"product-type-variable"},"_links":{"self":[{"href":"https:\/\/stonehead.at\/hu\/wp-json\/wp\/v2\/product\/784","targetHints":{"allow":["GET"]}}],"collection":[{"href":"https:\/\/stonehead.at\/hu\/wp-json\/wp\/v2\/product"}],"about":[{"href":"https:\/\/stonehead.at\/hu\/wp-json\/wp\/v2\/types\/product"}],"replies":[{"embeddable":true,"href":"https:\/\/stonehead.at\/hu\/wp-json\/wp\/v2\/comments?post=784"}],"wp:featuredmedia":[{"embeddable":true,"href":"https:\/\/stonehead.at\/hu\/wp-json\/wp\/v2\/media\/796"}],"wp:attachment":[{"href":"https:\/\/stonehead.at\/hu\/wp-json\/wp\/v2\/media?parent=784"}],"wp:term":[{"taxonomy":"product_brand","embeddable":true,"href":"https:\/\/stonehead.at\/hu\/wp-json\/wp\/v2\/product_brand?post=784"},{"taxonomy":"product_cat","embeddable":true,"href":"https:\/\/stonehead.at\/hu\/wp-json\/wp\/v2\/product_cat?post=784"},{"taxonomy":"product_tag","embeddable":true,"href":"https:\/\/stonehead.at\/hu\/wp-json\/wp\/v2\/product_tag?post=784"}],"curies":[{"name":"wp","href":"https:\/\/api.w.org\/{rel}","templated":true}]}}