{"id":583,"date":"2024-06-04T09:45:22","date_gmt":"2024-06-04T07:45:22","guid":{"rendered":"https:\/\/stonehead.at\/?post_type=product&#038;p=583"},"modified":"2024-11-25T19:12:43","modified_gmt":"2024-11-25T18:12:43","slug":"b13-kapuzen-sweatjacke-herren","status":"publish","type":"product","link":"https:\/\/stonehead.at\/hu\/b13-kapuzen-sweatjacke-herren\/","title":{"rendered":"StoneHead\u00ae B13 Cipz\u00e1ros F\u00e9rfi Pul\u00f3ver"},"content":{"rendered":"","protected":false},"excerpt":{"rendered":"<p>K\u00f6rnyezetbar\u00e1t \u00e9s luxus cipz\u00e1ras kapucnis pul\u00f3ver kiv\u00e9teles puhas\u00e1ggal.<\/p>\n<ul>\n<li>Anyag: 80 % el\u0151meleg\u00edtett, gy\u0171r\u0171sfonott, f\u00e9s\u00fclt pamut - 20 % poli\u00e9szter.<\/li>\n<li>S\u00faly: 280 g\/m2<\/li>\n<li>Sz\u00edn: tenger\u00e9szk\u00e9k, feh\u00e9r<\/li>\n<\/ul>\n<p> <a class=\"continue\" href=\"https:\/\/stonehead.at\/hu\/b13-kapuzen-sweatjacke-herren\/\">Continue Reading<span> StoneHead\u00ae B13 Cipz\u00e1ros F\u00e9rfi Pul\u00f3ver<\/span><\/a><\/p>","protected":false},"featured_media":2011,"comment_status":"open","ping_status":"closed","template":"","meta":{"site-sidebar-layout":"default","site-content-layout":"","ast-site-content-layout":"default","site-content-style":"default","site-sidebar-style":"default","ast-global-header-display":"","ast-banner-title-visibility":"","ast-main-header-display":"","ast-hfb-above-header-display":"","ast-hfb-below-header-display":"","ast-hfb-mobile-header-display":"","site-post-title":"","ast-breadcrumbs-content":"","ast-featured-img":"","footer-sml-layout":"","ast-disable-related-posts":"","theme-transparent-header-meta":"default","adv-header-id-meta":"","stick-header-meta":"","header-above-stick-meta":"","header-main-stick-meta":"","header-below-stick-meta":"","astra-migrate-meta-layouts":"set","ast-page-background-enabled":"default","ast-page-background-meta":{"desktop":{"background-color":"var(--ast-global-color-4)","background-image":"","background-repeat":"repeat","background-position":"center center","background-size":"auto","background-attachment":"scroll","background-type":"","background-media":"","overlay-type":"","overlay-color":"","overlay-opacity":"","overlay-gradient":""},"tablet":{"background-color":"","background-image":"","background-repeat":"repeat","background-position":"center center","background-size":"auto","background-attachment":"scroll","background-type":"","background-media":"","overlay-type":"","overlay-color":"","overlay-opacity":"","overlay-gradient":""},"mobile":{"background-color":"","background-image":"","background-repeat":"repeat","background-position":"center center","background-size":"auto","background-attachment":"scroll","background-type":"","background-media":"","overlay-type":"","overlay-color":"","overlay-opacity":"","overlay-gradient":""}},"ast-content-background-meta":{"desktop":{"background-color":"var(--ast-global-color-5)","background-image":"","background-repeat":"repeat","background-position":"center center","background-size":"auto","background-attachment":"scroll","background-type":"","background-media":"","overlay-type":"","overlay-color":"","overlay-opacity":"","overlay-gradient":""},"tablet":{"background-color":"var(--ast-global-color-5)","background-image":"","background-repeat":"repeat","background-position":"center center","background-size":"auto","background-attachment":"scroll","background-type":"","background-media":"","overlay-type":"","overlay-color":"","overlay-opacity":"","overlay-gradient":""},"mobile":{"background-color":"var(--ast-global-color-5)","background-image":"","background-repeat":"repeat","background-position":"center center","background-size":"auto","background-attachment":"scroll","background-type":"","background-media":"","overlay-type":"","overlay-color":"","overlay-opacity":"","overlay-gradient":""}}},"product_brand":[],"product_cat":[47,45],"product_tag":[],"class_list":{"0":"post-583","1":"product","2":"type-product","3":"status-publish","4":"has-post-thumbnail","6":"product_cat-maenner","7":"product_cat-sweatshirt-maenner","8":"pa_groesse-m","9":"pa_groesse-l","10":"pa_groesse-xl","11":"pa_groesse-xxl","12":"pa_sweatjacke-farbe-french-navy","13":"pa_sweatjacke-farbe-weiss","14":"desktop-align-left","15":"tablet-align-left","16":"mobile-align-left","18":"first","19":"instock","20":"shipping-taxable","21":"purchasable","22":"product-type-variable"},"_links":{"self":[{"href":"https:\/\/stonehead.at\/hu\/wp-json\/wp\/v2\/product\/583","targetHints":{"allow":["GET"]}}],"collection":[{"href":"https:\/\/stonehead.at\/hu\/wp-json\/wp\/v2\/product"}],"about":[{"href":"https:\/\/stonehead.at\/hu\/wp-json\/wp\/v2\/types\/product"}],"replies":[{"embeddable":true,"href":"https:\/\/stonehead.at\/hu\/wp-json\/wp\/v2\/comments?post=583"}],"wp:featuredmedia":[{"embeddable":true,"href":"https:\/\/stonehead.at\/hu\/wp-json\/wp\/v2\/media\/2011"}],"wp:attachment":[{"href":"https:\/\/stonehead.at\/hu\/wp-json\/wp\/v2\/media?parent=583"}],"wp:term":[{"taxonomy":"product_brand","embeddable":true,"href":"https:\/\/stonehead.at\/hu\/wp-json\/wp\/v2\/product_brand?post=583"},{"taxonomy":"product_cat","embeddable":true,"href":"https:\/\/stonehead.at\/hu\/wp-json\/wp\/v2\/product_cat?post=583"},{"taxonomy":"product_tag","embeddable":true,"href":"https:\/\/stonehead.at\/hu\/wp-json\/wp\/v2\/product_tag?post=583"}],"curies":[{"name":"wp","href":"https:\/\/api.w.org\/{rel}","templated":true}]}}