{"id":561,"date":"2024-06-04T09:12:03","date_gmt":"2024-06-04T07:12:03","guid":{"rendered":"https:\/\/stonehead.at\/?post_type=product&#038;p=561"},"modified":"2024-12-02T00:01:44","modified_gmt":"2024-12-01T23:01:44","slug":"everliving-kapuzen-damen-sweatjacke","status":"publish","type":"product","link":"https:\/\/stonehead.at\/hu\/everliving-kapuzen-damen-sweatjacke\/","title":{"rendered":"StoneHead\u00ae Everliving Cipz\u00e1ros N\u0151i Pul\u00f3ver"},"content":{"rendered":"","protected":false},"excerpt":{"rendered":"<ul>\n<li>Anyag: 80 % f\u00e9s\u00fclt gy\u0171r\u0171sfonalas pamut, 20 % poli\u00e9szter, 100 % pamut fel\u00fclet\u0171 fonal, 3 sz\u00e1las szerkezet.<\/li>\n<li>S\u00faly: 280g\/m2<\/li>\n<li>M\u00e9ret: S, M, L, XL<\/li>\n<li>Sz\u00edn: fekete, sz\u00fcrke<\/li>\n<\/ul>\n<p>Dieses Produkt besteht aus hochwertigem dreilagigem Material, das dem Tr\u00e4ger au\u00dfergew\u00f6hnlichen Komfort bietet. Moderner, femininer Schnitt, aus YKK-Metall (antiksilber) mit durchgehendem Rei\u00dfverschluss. Flache, dicke Kordeln mit Metallreifen mit Knopfl\u00f6chern.<\/p>\n<p>Doppellagige Kapuze mit abgedecktem Nahtkordelf\u00fchrungskanal. Breiteres Saum- und Manschettendesign. Schmalere Schultern und schlankere Arme mit nach vorne gerichteten Schultern\u00e4hten. Verdeckte N\u00e4hte an Arml\u00f6chern, Manschetten und Saum. Nackenband mit Fischgr\u00e4tmuster. <a class=\"continue\" href=\"https:\/\/stonehead.at\/hu\/everliving-kapuzen-damen-sweatjacke\/\">Continue Reading<span> StoneHead\u00ae Everliving Cipz\u00e1ros N\u0151i Pul\u00f3ver<\/span><\/a><\/p>","protected":false},"featured_media":564,"comment_status":"open","ping_status":"closed","template":"","meta":{"site-sidebar-layout":"default","site-content-layout":"","ast-site-content-layout":"default","site-content-style":"default","site-sidebar-style":"default","ast-global-header-display":"","ast-banner-title-visibility":"","ast-main-header-display":"","ast-hfb-above-header-display":"","ast-hfb-below-header-display":"","ast-hfb-mobile-header-display":"","site-post-title":"","ast-breadcrumbs-content":"","ast-featured-img":"","footer-sml-layout":"","ast-disable-related-posts":"","theme-transparent-header-meta":"default","adv-header-id-meta":"","stick-header-meta":"","header-above-stick-meta":"","header-main-stick-meta":"","header-below-stick-meta":"","astra-migrate-meta-layouts":"set","ast-page-background-enabled":"default","ast-page-background-meta":{"desktop":{"background-color":"var(--ast-global-color-4)","background-image":"","background-repeat":"repeat","background-position":"center center","background-size":"auto","background-attachment":"scroll","background-type":"","background-media":"","overlay-type":"","overlay-color":"","overlay-opacity":"","overlay-gradient":""},"tablet":{"background-color":"","background-image":"","background-repeat":"repeat","background-position":"center center","background-size":"auto","background-attachment":"scroll","background-type":"","background-media":"","overlay-type":"","overlay-color":"","overlay-opacity":"","overlay-gradient":""},"mobile":{"background-color":"","background-image":"","background-repeat":"repeat","background-position":"center center","background-size":"auto","background-attachment":"scroll","background-type":"","background-media":"","overlay-type":"","overlay-color":"","overlay-opacity":"","overlay-gradient":""}},"ast-content-background-meta":{"desktop":{"background-color":"var(--ast-global-color-5)","background-image":"","background-repeat":"repeat","background-position":"center center","background-size":"auto","background-attachment":"scroll","background-type":"","background-media":"","overlay-type":"","overlay-color":"","overlay-opacity":"","overlay-gradient":""},"tablet":{"background-color":"var(--ast-global-color-5)","background-image":"","background-repeat":"repeat","background-position":"center center","background-size":"auto","background-attachment":"scroll","background-type":"","background-media":"","overlay-type":"","overlay-color":"","overlay-opacity":"","overlay-gradient":""},"mobile":{"background-color":"var(--ast-global-color-5)","background-image":"","background-repeat":"repeat","background-position":"center center","background-size":"auto","background-attachment":"scroll","background-type":"","background-media":"","overlay-type":"","overlay-color":"","overlay-opacity":"","overlay-gradient":""}}},"product_brand":[],"product_cat":[48,23],"product_tag":[],"class_list":{"0":"post-561","1":"product","2":"type-product","3":"status-publish","4":"has-post-thumbnail","6":"product_cat-frauen","7":"product_cat-sweatshirt-frauen","8":"pa_groesse-s","9":"pa_groesse-m","10":"pa_groesse-l","11":"pa_groesse-xl","12":"pa_sweatjacke-farbe-grau","13":"pa_sweatjacke-farbe-schwarz","14":"desktop-align-left","15":"tablet-align-left","16":"mobile-align-left","18":"first","19":"instock","20":"shipping-taxable","21":"purchasable","22":"product-type-variable"},"_links":{"self":[{"href":"https:\/\/stonehead.at\/hu\/wp-json\/wp\/v2\/product\/561","targetHints":{"allow":["GET"]}}],"collection":[{"href":"https:\/\/stonehead.at\/hu\/wp-json\/wp\/v2\/product"}],"about":[{"href":"https:\/\/stonehead.at\/hu\/wp-json\/wp\/v2\/types\/product"}],"replies":[{"embeddable":true,"href":"https:\/\/stonehead.at\/hu\/wp-json\/wp\/v2\/comments?post=561"}],"wp:featuredmedia":[{"embeddable":true,"href":"https:\/\/stonehead.at\/hu\/wp-json\/wp\/v2\/media\/564"}],"wp:attachment":[{"href":"https:\/\/stonehead.at\/hu\/wp-json\/wp\/v2\/media?parent=561"}],"wp:term":[{"taxonomy":"product_brand","embeddable":true,"href":"https:\/\/stonehead.at\/hu\/wp-json\/wp\/v2\/product_brand?post=561"},{"taxonomy":"product_cat","embeddable":true,"href":"https:\/\/stonehead.at\/hu\/wp-json\/wp\/v2\/product_cat?post=561"},{"taxonomy":"product_tag","embeddable":true,"href":"https:\/\/stonehead.at\/hu\/wp-json\/wp\/v2\/product_tag?post=561"}],"curies":[{"name":"wp","href":"https:\/\/api.w.org\/{rel}","templated":true}]}}