{"id":546,"date":"2024-06-03T17:06:42","date_gmt":"2024-06-03T15:06:42","guid":{"rendered":"https:\/\/stonehead.at\/?post_type=product&#038;p=546"},"modified":"2024-12-02T00:01:44","modified_gmt":"2024-12-01T23:01:44","slug":"everliving-damen-kapuzen-sweatshirt","status":"publish","type":"product","link":"https:\/\/stonehead.at\/hu\/everliving-damen-kapuzen-sweatshirt\/","title":{"rendered":"StoneHead\u00ae Everliving Kapucnis N\u0151i Pul\u00f3ver"},"content":{"rendered":"","protected":false},"excerpt":{"rendered":"<ul>\n<li>Damen Hooded-Sweatshirt aus luxuri\u00f6sem 3-lagigen Material f\u00fcr hohen Tragekomfort, exzellenter Performance und ideal f\u00fcr die Veredelung.<br \/>\nModerne, ma\u00dfgeschneiderte Passform<\/li>\n<li>Heringbone nyakp\u00e1nt a maxim\u00e1lis k\u00e9nyelem \u00e9s stabilit\u00e1s \u00e9rdek\u00e9ben<\/li>\n<li>Lapos, vastag h\u00faz\u00f3zsin\u00f3rok gomblyukkal<\/li>\n<li>Dupla r\u00e9teg\u0171 kapucni rejtett zsin\u00f3rcsatorn\u00e1val<\/li>\n<li>Karcs\u00fabb v\u00e1llak \u00e9s karcs\u00fabb karok el\u0151refel\u00e9 n\u00e9z\u0151 v\u00e1llvarr\u00e1sokkal<\/li>\n<li>Sz\u00e9lesebb szeg\u00e9ly \u00e9s mandzsetta kialak\u00edt\u00e1s<\/li>\n<li>Fedett varr\u00e1s a h\u00f3naljn\u00e1l, a mandzsett\u00e1n\u00e1l \u00e9s a szeg\u00e9lyn\u00e9l.<\/li>\n<li>Kenguru zsebek<\/li>\n<\/ul>\n<p>Material: 80% gek\u00e4mmte, ringgesponnene Baumwolle, 20% Polyester Oberfaden 100% Baumwolle (3- Faden-Konstruktion)<br \/>\nS\u00faly: 280 g\/m2<br \/>\nFarbe: Black, grey <a class=\"continue\" href=\"https:\/\/stonehead.at\/hu\/everliving-damen-kapuzen-sweatshirt\/\">Continue Reading<span> StoneHead\u00ae Everliving Kapucnis N\u0151i Pul\u00f3ver<\/span><\/a><\/p>","protected":false},"featured_media":559,"comment_status":"open","ping_status":"closed","template":"","meta":{"site-sidebar-layout":"default","site-content-layout":"","ast-site-content-layout":"default","site-content-style":"default","site-sidebar-style":"default","ast-global-header-display":"","ast-banner-title-visibility":"","ast-main-header-display":"","ast-hfb-above-header-display":"","ast-hfb-below-header-display":"","ast-hfb-mobile-header-display":"","site-post-title":"","ast-breadcrumbs-content":"","ast-featured-img":"","footer-sml-layout":"","ast-disable-related-posts":"","theme-transparent-header-meta":"default","adv-header-id-meta":"","stick-header-meta":"","header-above-stick-meta":"","header-main-stick-meta":"","header-below-stick-meta":"","astra-migrate-meta-layouts":"set","ast-page-background-enabled":"default","ast-page-background-meta":{"desktop":{"background-color":"var(--ast-global-color-4)","background-image":"","background-repeat":"repeat","background-position":"center center","background-size":"auto","background-attachment":"scroll","background-type":"","background-media":"","overlay-type":"","overlay-color":"","overlay-opacity":"","overlay-gradient":""},"tablet":{"background-color":"","background-image":"","background-repeat":"repeat","background-position":"center center","background-size":"auto","background-attachment":"scroll","background-type":"","background-media":"","overlay-type":"","overlay-color":"","overlay-opacity":"","overlay-gradient":""},"mobile":{"background-color":"","background-image":"","background-repeat":"repeat","background-position":"center center","background-size":"auto","background-attachment":"scroll","background-type":"","background-media":"","overlay-type":"","overlay-color":"","overlay-opacity":"","overlay-gradient":""}},"ast-content-background-meta":{"desktop":{"background-color":"var(--ast-global-color-5)","background-image":"","background-repeat":"repeat","background-position":"center center","background-size":"auto","background-attachment":"scroll","background-type":"","background-media":"","overlay-type":"","overlay-color":"","overlay-opacity":"","overlay-gradient":""},"tablet":{"background-color":"var(--ast-global-color-5)","background-image":"","background-repeat":"repeat","background-position":"center center","background-size":"auto","background-attachment":"scroll","background-type":"","background-media":"","overlay-type":"","overlay-color":"","overlay-opacity":"","overlay-gradient":""},"mobile":{"background-color":"var(--ast-global-color-5)","background-image":"","background-repeat":"repeat","background-position":"center center","background-size":"auto","background-attachment":"scroll","background-type":"","background-media":"","overlay-type":"","overlay-color":"","overlay-opacity":"","overlay-gradient":""}}},"product_brand":[],"product_cat":[48,23],"product_tag":[],"class_list":{"0":"post-546","1":"product","2":"type-product","3":"status-publish","4":"has-post-thumbnail","6":"product_cat-frauen","7":"product_cat-sweatshirt-frauen","8":"pa_groesse-s","9":"pa_groesse-m","10":"pa_groesse-l","11":"pa_groesse-xl","12":"pa_sweatshirt-farbe-grau","13":"pa_sweatshirt-farbe-schwarz","14":"desktop-align-left","15":"tablet-align-left","16":"mobile-align-left","18":"first","19":"instock","20":"shipping-taxable","21":"purchasable","22":"product-type-variable"},"_links":{"self":[{"href":"https:\/\/stonehead.at\/hu\/wp-json\/wp\/v2\/product\/546","targetHints":{"allow":["GET"]}}],"collection":[{"href":"https:\/\/stonehead.at\/hu\/wp-json\/wp\/v2\/product"}],"about":[{"href":"https:\/\/stonehead.at\/hu\/wp-json\/wp\/v2\/types\/product"}],"replies":[{"embeddable":true,"href":"https:\/\/stonehead.at\/hu\/wp-json\/wp\/v2\/comments?post=546"}],"wp:featuredmedia":[{"embeddable":true,"href":"https:\/\/stonehead.at\/hu\/wp-json\/wp\/v2\/media\/559"}],"wp:attachment":[{"href":"https:\/\/stonehead.at\/hu\/wp-json\/wp\/v2\/media?parent=546"}],"wp:term":[{"taxonomy":"product_brand","embeddable":true,"href":"https:\/\/stonehead.at\/hu\/wp-json\/wp\/v2\/product_brand?post=546"},{"taxonomy":"product_cat","embeddable":true,"href":"https:\/\/stonehead.at\/hu\/wp-json\/wp\/v2\/product_cat?post=546"},{"taxonomy":"product_tag","embeddable":true,"href":"https:\/\/stonehead.at\/hu\/wp-json\/wp\/v2\/product_tag?post=546"}],"curies":[{"name":"wp","href":"https:\/\/api.w.org\/{rel}","templated":true}]}}