{"id":532,"date":"2024-06-03T12:23:30","date_gmt":"2024-06-03T10:23:30","guid":{"rendered":"https:\/\/stonehead.at\/?post_type=product&#038;p=532"},"modified":"2024-12-02T00:01:44","modified_gmt":"2024-12-01T23:01:44","slug":"b13-herren-kapuzen-sweatshirt","status":"publish","type":"product","link":"https:\/\/stonehead.at\/hu\/b13-herren-kapuzen-sweatshirt\/","title":{"rendered":"StoneHead\u00aeB13 Kapucnis F\u00e9rfi Pul\u00f3ver"},"content":{"rendered":"","protected":false},"excerpt":{"rendered":"<ul>\n<li>Min\u0151s\u00e9g: 80 % f\u00e9s\u00fclt \u00e9s gy\u0171r\u0171sfonott pamut, 20 % poli\u00e9szter (3 r\u00e9teg\u0171 pul\u00f3ver anyag).<\/li>\n<li>S\u00faly: 280 g\/m2<\/li>\n<li>Sz\u00ednek: fekete, sz\u00fcrke<\/li>\n<\/ul>\n<p>Kapuzen-Sweat aus luxuri\u00f6sem 3-lagigen Material f\u00fcr hohen Tragekomfort, exzellenter Performance und ideal f\u00fcr Veredelung.<br \/>\nUnser hochwertiger authentischer Kapuzenpullover mit seiner modernen Passform und seinem modernen Design l\u00e4sst den urspr\u00fcnglichen Geist des Sweatshirts wieder aufleben. Geraderer Schnitt f\u00fcr einen modernen Look Fischgr\u00e4ten-Nackenband f\u00fcr h\u00f6chsten Komfort und Stabilit\u00e4t Flache, dicke Kordelz\u00fcge mit Knopfloch-\u00d6sen.<\/p>\n<p>Doppellagige Kapuze mit verdecktem Kordelzugkanal Schlankere Schultern und schlankere Arme mit nach vorne gerichteten Schultern\u00e4hten. Breitere Saum- und Manschettenkonstruktionen und K\u00e4ngurutaschen.<\/p>\n<ul>\n<li>Min\u0151s\u00e9g: 80 % f\u00e9s\u00fclt \u00e9s gy\u0171r\u0171sfonott pamut, 20 % poli\u00e9szter (3 r\u00e9teg\u0171 pul\u00f3ver anyag).<\/li>\n<li>S\u00faly: 280 g\/m2<\/li>\n<li>Sz\u00ednek: fekete, sz\u00fcrke<\/li>\n<\/ul>\n<p> <a class=\"continue\" href=\"https:\/\/stonehead.at\/hu\/b13-herren-kapuzen-sweatshirt\/\">Continue Reading<span> StoneHead\u00aeB13 Kapucnis F\u00e9rfi Pul\u00f3ver<\/span><\/a><\/p>","protected":false},"featured_media":537,"comment_status":"open","ping_status":"closed","template":"","meta":{"site-sidebar-layout":"default","site-content-layout":"","ast-site-content-layout":"default","site-content-style":"default","site-sidebar-style":"default","ast-global-header-display":"","ast-banner-title-visibility":"","ast-main-header-display":"","ast-hfb-above-header-display":"","ast-hfb-below-header-display":"","ast-hfb-mobile-header-display":"","site-post-title":"","ast-breadcrumbs-content":"","ast-featured-img":"","footer-sml-layout":"","ast-disable-related-posts":"","theme-transparent-header-meta":"default","adv-header-id-meta":"","stick-header-meta":"","header-above-stick-meta":"","header-main-stick-meta":"","header-below-stick-meta":"","astra-migrate-meta-layouts":"set","ast-page-background-enabled":"default","ast-page-background-meta":{"desktop":{"background-color":"var(--ast-global-color-4)","background-image":"","background-repeat":"repeat","background-position":"center center","background-size":"auto","background-attachment":"scroll","background-type":"","background-media":"","overlay-type":"","overlay-color":"","overlay-opacity":"","overlay-gradient":""},"tablet":{"background-color":"","background-image":"","background-repeat":"repeat","background-position":"center center","background-size":"auto","background-attachment":"scroll","background-type":"","background-media":"","overlay-type":"","overlay-color":"","overlay-opacity":"","overlay-gradient":""},"mobile":{"background-color":"","background-image":"","background-repeat":"repeat","background-position":"center center","background-size":"auto","background-attachment":"scroll","background-type":"","background-media":"","overlay-type":"","overlay-color":"","overlay-opacity":"","overlay-gradient":""}},"ast-content-background-meta":{"desktop":{"background-color":"var(--ast-global-color-5)","background-image":"","background-repeat":"repeat","background-position":"center center","background-size":"auto","background-attachment":"scroll","background-type":"","background-media":"","overlay-type":"","overlay-color":"","overlay-opacity":"","overlay-gradient":""},"tablet":{"background-color":"var(--ast-global-color-5)","background-image":"","background-repeat":"repeat","background-position":"center center","background-size":"auto","background-attachment":"scroll","background-type":"","background-media":"","overlay-type":"","overlay-color":"","overlay-opacity":"","overlay-gradient":""},"mobile":{"background-color":"var(--ast-global-color-5)","background-image":"","background-repeat":"repeat","background-position":"center center","background-size":"auto","background-attachment":"scroll","background-type":"","background-media":"","overlay-type":"","overlay-color":"","overlay-opacity":"","overlay-gradient":""}}},"product_brand":[],"product_cat":[45],"product_tag":[],"class_list":{"0":"post-532","1":"product","2":"type-product","3":"status-publish","4":"has-post-thumbnail","6":"product_cat-sweatshirt-maenner","7":"pa_groesse-m","8":"pa_groesse-l","9":"pa_groesse-xl","10":"pa_groesse-xxl","11":"pa_sweatshirt-farbe-grau","12":"pa_sweatshirt-farbe-schwarz","13":"desktop-align-left","14":"tablet-align-left","15":"mobile-align-left","17":"first","18":"instock","19":"shipping-taxable","20":"purchasable","21":"product-type-variable"},"_links":{"self":[{"href":"https:\/\/stonehead.at\/hu\/wp-json\/wp\/v2\/product\/532","targetHints":{"allow":["GET"]}}],"collection":[{"href":"https:\/\/stonehead.at\/hu\/wp-json\/wp\/v2\/product"}],"about":[{"href":"https:\/\/stonehead.at\/hu\/wp-json\/wp\/v2\/types\/product"}],"replies":[{"embeddable":true,"href":"https:\/\/stonehead.at\/hu\/wp-json\/wp\/v2\/comments?post=532"}],"wp:featuredmedia":[{"embeddable":true,"href":"https:\/\/stonehead.at\/hu\/wp-json\/wp\/v2\/media\/537"}],"wp:attachment":[{"href":"https:\/\/stonehead.at\/hu\/wp-json\/wp\/v2\/media?parent=532"}],"wp:term":[{"taxonomy":"product_brand","embeddable":true,"href":"https:\/\/stonehead.at\/hu\/wp-json\/wp\/v2\/product_brand?post=532"},{"taxonomy":"product_cat","embeddable":true,"href":"https:\/\/stonehead.at\/hu\/wp-json\/wp\/v2\/product_cat?post=532"},{"taxonomy":"product_tag","embeddable":true,"href":"https:\/\/stonehead.at\/hu\/wp-json\/wp\/v2\/product_tag?post=532"}],"curies":[{"name":"wp","href":"https:\/\/api.w.org\/{rel}","templated":true}]}}