{"id":519,"date":"2024-06-03T11:34:18","date_gmt":"2024-06-03T09:34:18","guid":{"rendered":"https:\/\/stonehead.at\/?post_type=product&#038;p=519"},"modified":"2024-12-02T00:01:44","modified_gmt":"2024-12-01T23:01:44","slug":"b13-herren-jogginghose","status":"publish","type":"product","link":"https:\/\/stonehead.at\/hu\/b13-herren-jogginghose\/","title":{"rendered":"StoneHead\u00aeB13 F\u00e9rfi Meleg\u00edt\u0151nadr\u00e1g"},"content":{"rendered":"","protected":false},"excerpt":{"rendered":"<p>Unsere Premium-Jogginghose perfektioniert den Freizeit-Look mit einem modernen Design, das moderne Design sorgt daf\u00fcr, dass sie eine bequeme und modische Wahl f\u00fcr den Alltag oder das Training ist. Taschen aus eigenem Material bieten sicheren Stauraum mit versteckten Rei\u00dfverschl\u00fcssen, w\u00e4hrend die Ges\u00e4\u00dftasche zus\u00e4tzlichen Stauraum bietet.<br \/>\nDie ache, dicke Kordel erm\u00f6glicht eine verstellbare Passform und die gerippten B\u00fcndchen und der Bund sorgen f\u00fcr ganzt\u00e4gigen Komfort.<\/p>\n<ul>\n<li>Min\u0151s\u00e9g: 80% f\u00e9s\u00fclt, gy\u0171r\u0171sfonott pamut, 20% poli\u00e9szter; 100% pamut el\u00fcls\u0151 fonal (3 sz\u00e1las szerkezet).<\/li>\n<li>S\u00faly: 280 g\/m2<\/li>\n<li>M\u00e9ret: S, M, L, XL<\/li>\n<\/ul>\n<p> <a class=\"continue\" href=\"https:\/\/stonehead.at\/hu\/b13-herren-jogginghose\/\">Continue Reading<span> StoneHead\u00aeB13 F\u00e9rfi Meleg\u00edt\u0151nadr\u00e1g<\/span><\/a><\/p>","protected":false},"featured_media":528,"comment_status":"open","ping_status":"closed","template":"","meta":{"site-sidebar-layout":"default","site-content-layout":"","ast-site-content-layout":"default","site-content-style":"default","site-sidebar-style":"default","ast-global-header-display":"","ast-banner-title-visibility":"","ast-main-header-display":"","ast-hfb-above-header-display":"","ast-hfb-below-header-display":"","ast-hfb-mobile-header-display":"","site-post-title":"","ast-breadcrumbs-content":"","ast-featured-img":"","footer-sml-layout":"","ast-disable-related-posts":"","theme-transparent-header-meta":"default","adv-header-id-meta":"","stick-header-meta":"","header-above-stick-meta":"","header-main-stick-meta":"","header-below-stick-meta":"","astra-migrate-meta-layouts":"set","ast-page-background-enabled":"default","ast-page-background-meta":{"desktop":{"background-color":"var(--ast-global-color-4)","background-image":"","background-repeat":"repeat","background-position":"center center","background-size":"auto","background-attachment":"scroll","background-type":"","background-media":"","overlay-type":"","overlay-color":"","overlay-opacity":"","overlay-gradient":""},"tablet":{"background-color":"","background-image":"","background-repeat":"repeat","background-position":"center center","background-size":"auto","background-attachment":"scroll","background-type":"","background-media":"","overlay-type":"","overlay-color":"","overlay-opacity":"","overlay-gradient":""},"mobile":{"background-color":"","background-image":"","background-repeat":"repeat","background-position":"center center","background-size":"auto","background-attachment":"scroll","background-type":"","background-media":"","overlay-type":"","overlay-color":"","overlay-opacity":"","overlay-gradient":""}},"ast-content-background-meta":{"desktop":{"background-color":"var(--ast-global-color-5)","background-image":"","background-repeat":"repeat","background-position":"center center","background-size":"auto","background-attachment":"scroll","background-type":"","background-media":"","overlay-type":"","overlay-color":"","overlay-opacity":"","overlay-gradient":""},"tablet":{"background-color":"var(--ast-global-color-5)","background-image":"","background-repeat":"repeat","background-position":"center center","background-size":"auto","background-attachment":"scroll","background-type":"","background-media":"","overlay-type":"","overlay-color":"","overlay-opacity":"","overlay-gradient":""},"mobile":{"background-color":"var(--ast-global-color-5)","background-image":"","background-repeat":"repeat","background-position":"center center","background-size":"auto","background-attachment":"scroll","background-type":"","background-media":"","overlay-type":"","overlay-color":"","overlay-opacity":"","overlay-gradient":""}}},"product_brand":[],"product_cat":[44],"product_tag":[],"class_list":{"0":"post-519","1":"product","2":"type-product","3":"status-publish","4":"has-post-thumbnail","6":"product_cat-jogginghosen","7":"pa_groesse-s","8":"pa_groesse-m","9":"pa_groesse-l","10":"pa_groesse-xl","11":"pa_groesse-xxl","12":"desktop-align-left","13":"tablet-align-left","14":"mobile-align-left","16":"first","17":"instock","18":"shipping-taxable","19":"purchasable","20":"product-type-variable"},"_links":{"self":[{"href":"https:\/\/stonehead.at\/hu\/wp-json\/wp\/v2\/product\/519","targetHints":{"allow":["GET"]}}],"collection":[{"href":"https:\/\/stonehead.at\/hu\/wp-json\/wp\/v2\/product"}],"about":[{"href":"https:\/\/stonehead.at\/hu\/wp-json\/wp\/v2\/types\/product"}],"replies":[{"embeddable":true,"href":"https:\/\/stonehead.at\/hu\/wp-json\/wp\/v2\/comments?post=519"}],"wp:featuredmedia":[{"embeddable":true,"href":"https:\/\/stonehead.at\/hu\/wp-json\/wp\/v2\/media\/528"}],"wp:attachment":[{"href":"https:\/\/stonehead.at\/hu\/wp-json\/wp\/v2\/media?parent=519"}],"wp:term":[{"taxonomy":"product_brand","embeddable":true,"href":"https:\/\/stonehead.at\/hu\/wp-json\/wp\/v2\/product_brand?post=519"},{"taxonomy":"product_cat","embeddable":true,"href":"https:\/\/stonehead.at\/hu\/wp-json\/wp\/v2\/product_cat?post=519"},{"taxonomy":"product_tag","embeddable":true,"href":"https:\/\/stonehead.at\/hu\/wp-json\/wp\/v2\/product_tag?post=519"}],"curies":[{"name":"wp","href":"https:\/\/api.w.org\/{rel}","templated":true}]}}