{"id":382,"date":"2024-05-28T21:14:53","date_gmt":"2024-05-28T19:14:53","guid":{"rendered":"https:\/\/stonehead.at\/?post_type=product&#038;p=382"},"modified":"2024-12-02T00:01:44","modified_gmt":"2024-12-01T23:01:44","slug":"original-unisex-sporttasche","status":"publish","type":"product","link":"https:\/\/stonehead.at\/hu\/original-unisex-sporttasche\/","title":{"rendered":"StoneHead\u00ae Original Unisex Sportt\u00e1ska"},"content":{"rendered":"","protected":false},"excerpt":{"rendered":"<ul>\n<li>Min\u0151s\u00e9g: 600D poli\u00e9szter<\/li>\n<li>Sz\u00edn: Fekete, Francia Tenger\u00e9szgyalogs\u00e1g<\/li>\n<li>S\u00faly: kb. 880g<\/li>\n<li>M\u00e9ret: 60 x 31 x 27 cm<\/li>\n<li>Kapacit\u00e1s: 48 liter<\/li>\n<\/ul>\n<p>A cipz\u00e1ras zseb t\u00f6k\u00e9letes helyet biztos\u00edt a kisebb t\u00e1rgyak biztons\u00e1gos t\u00e1rol\u00e1s\u00e1ra, a bels\u0151 b\u00e9l\u00e9s pedig n\u00f6veli a t\u00e1ska tart\u00f3ss\u00e1g\u00e1t \u00e9s formab\u00edr\u00e1s\u00e1t. A t\u00e1ska alj\u00e1n tal\u00e1lhat\u00f3 v\u00e9d\u0151 talp seg\u00edt megv\u00e9deni a t\u00e1ska alj\u00e1t, n\u00f6veli annak tart\u00f3ss\u00e1g\u00e1t, valamint megakad\u00e1lyozza a kop\u00e1st \u00e9s a szennyez\u0151d\u00e9seket. A p\u00e1rn\u00e1zott foganty\u00fak k\u00e9nyelmes fog\u00e1st \u00e9s sz\u00e1ll\u00edt\u00e1st biztos\u00edtanak, m\u00e9g nehezebb t\u00e1rgyak eset\u00e9n is. A levehet\u0151, \u00e1ll\u00edthat\u00f3 v\u00e1llp\u00e1nt p\u00e1rn\u00e1zott r\u00e9sze lehet\u0151v\u00e9 teszi, hogy a t\u00e1ska a felhaszn\u00e1l\u00f3 k\u00e9nyelm\u00e9hez igazodjon, \u00edgy a t\u00e1ska hossz\u00fa ideig k\u00e9nyelmesen hordozhat\u00f3 marad. <a class=\"continue\" href=\"https:\/\/stonehead.at\/hu\/original-unisex-sporttasche\/\">Continue Reading<span> StoneHead\u00ae Original Unisex Sportt\u00e1ska<\/span><\/a><\/p>","protected":false},"featured_media":386,"comment_status":"open","ping_status":"closed","template":"","meta":{"site-sidebar-layout":"default","site-content-layout":"","ast-site-content-layout":"default","site-content-style":"default","site-sidebar-style":"default","ast-global-header-display":"","ast-banner-title-visibility":"","ast-main-header-display":"","ast-hfb-above-header-display":"","ast-hfb-below-header-display":"","ast-hfb-mobile-header-display":"","site-post-title":"","ast-breadcrumbs-content":"","ast-featured-img":"","footer-sml-layout":"","ast-disable-related-posts":"","theme-transparent-header-meta":"default","adv-header-id-meta":"","stick-header-meta":"","header-above-stick-meta":"","header-main-stick-meta":"","header-below-stick-meta":"","astra-migrate-meta-layouts":"set","ast-page-background-enabled":"default","ast-page-background-meta":{"desktop":{"background-color":"var(--ast-global-color-4)","background-image":"","background-repeat":"repeat","background-position":"center center","background-size":"auto","background-attachment":"scroll","background-type":"","background-media":"","overlay-type":"","overlay-color":"","overlay-opacity":"","overlay-gradient":""},"tablet":{"background-color":"","background-image":"","background-repeat":"repeat","background-position":"center center","background-size":"auto","background-attachment":"scroll","background-type":"","background-media":"","overlay-type":"","overlay-color":"","overlay-opacity":"","overlay-gradient":""},"mobile":{"background-color":"","background-image":"","background-repeat":"repeat","background-position":"center center","background-size":"auto","background-attachment":"scroll","background-type":"","background-media":"","overlay-type":"","overlay-color":"","overlay-opacity":"","overlay-gradient":""}},"ast-content-background-meta":{"desktop":{"background-color":"var(--ast-global-color-5)","background-image":"","background-repeat":"repeat","background-position":"center center","background-size":"auto","background-attachment":"scroll","background-type":"","background-media":"","overlay-type":"","overlay-color":"","overlay-opacity":"","overlay-gradient":""},"tablet":{"background-color":"var(--ast-global-color-5)","background-image":"","background-repeat":"repeat","background-position":"center center","background-size":"auto","background-attachment":"scroll","background-type":"","background-media":"","overlay-type":"","overlay-color":"","overlay-opacity":"","overlay-gradient":""},"mobile":{"background-color":"var(--ast-global-color-5)","background-image":"","background-repeat":"repeat","background-position":"center center","background-size":"auto","background-attachment":"scroll","background-type":"","background-media":"","overlay-type":"","overlay-color":"","overlay-opacity":"","overlay-gradient":""}}},"product_brand":[],"product_cat":[36],"product_tag":[],"class_list":{"0":"post-382","1":"product","2":"type-product","3":"status-publish","4":"has-post-thumbnail","6":"product_cat-bagbase","7":"pa_farbe-french-navy","8":"pa_farbe-schwarz","9":"desktop-align-left","10":"tablet-align-left","11":"mobile-align-left","13":"first","14":"instock","15":"shipping-taxable","16":"purchasable","17":"product-type-variable"},"_links":{"self":[{"href":"https:\/\/stonehead.at\/hu\/wp-json\/wp\/v2\/product\/382","targetHints":{"allow":["GET"]}}],"collection":[{"href":"https:\/\/stonehead.at\/hu\/wp-json\/wp\/v2\/product"}],"about":[{"href":"https:\/\/stonehead.at\/hu\/wp-json\/wp\/v2\/types\/product"}],"replies":[{"embeddable":true,"href":"https:\/\/stonehead.at\/hu\/wp-json\/wp\/v2\/comments?post=382"}],"wp:featuredmedia":[{"embeddable":true,"href":"https:\/\/stonehead.at\/hu\/wp-json\/wp\/v2\/media\/386"}],"wp:attachment":[{"href":"https:\/\/stonehead.at\/hu\/wp-json\/wp\/v2\/media?parent=382"}],"wp:term":[{"taxonomy":"product_brand","embeddable":true,"href":"https:\/\/stonehead.at\/hu\/wp-json\/wp\/v2\/product_brand?post=382"},{"taxonomy":"product_cat","embeddable":true,"href":"https:\/\/stonehead.at\/hu\/wp-json\/wp\/v2\/product_cat?post=382"},{"taxonomy":"product_tag","embeddable":true,"href":"https:\/\/stonehead.at\/hu\/wp-json\/wp\/v2\/product_tag?post=382"}],"curies":[{"name":"wp","href":"https:\/\/api.w.org\/{rel}","templated":true}]}}