{"id":2362,"date":"2024-11-28T08:35:01","date_gmt":"2024-11-28T07:35:01","guid":{"rendered":"https:\/\/stonehead.at\/?post_type=product&#038;p=2362"},"modified":"2024-11-28T08:54:58","modified_gmt":"2024-11-28T07:54:58","slug":"stonehead-original-herren-t-shirt-und-kurze-hose","status":"publish","type":"product","link":"https:\/\/stonehead.at\/hu\/stonehead-original-herren-t-shirt-und-kurze-hose\/","title":{"rendered":"StoneHead\u00ae Original Herren T-shirt und kurze Hose"},"content":{"rendered":"<p><strong>Sportlich, stilvoll, einzigartig!<\/strong><br \/>\nDieses Premium-Jogging-Set vereint modernen Look und h\u00f6chsten Tragekomfort. Die Sweatjacke gibt es in Navy Blue und Wei\u00df, die Jogginghose in klassischem Schwarz. Perfekt f\u00fcr Sport und Freizeit!<\/p>","protected":false},"excerpt":{"rendered":"<p><strong>StoneHead\u00ae Original Herren T-shirt und kurze Hose<\/strong><\/p>\n<p>Perfekte Kombination aus Stil und Komfort! Dieses Set aus T-Shirt und Shorts ist ideal f\u00fcr Freizeit und Sport.<\/p>\n<p><strong>T-Shirt:<\/strong><\/p>\n<ul>\n<li>Material: 100% Bio-Baumwolle (gek\u00e4mmt und ringgesponnen)<\/li>\n<li>Gr\u00f6\u00dfen: S, M, L, XL, 2XL<\/li>\n<li>Gewicht: 175 g\/m\u00b2<\/li>\n<li>Hochwertige Verarbeitung mit Rundhalsausschnitt, kurzen \u00c4rmeln und modernen Seitenn\u00e4hten.<\/li>\n<li>Weich und angenehm zu tragen, mit einem modernen, gut sitzenden Schnitt.<\/li>\n<\/ul>\n<p><strong>Kurze Hose:<\/strong><\/p>\n<ul>\n<li>Material: 65% Polyester \/ 35% Baumwolle (280 g\/m\u00b2)<\/li>\n<li>Flauschiger Innenraum f\u00fcr optimalen Komfort<\/li>\n<li>Elastischer Bund mit passendem Kordelzug und kontrastierender Innenseite der Taille<\/li>\n<li>Weiches Gummiband mit fluoreszierender Paspelierung<\/li>\n<li>Praktisch: 2 dekorative Seitentaschen mit StoneHead\u00ae Rei\u00dfverschl\u00fcssen und Mesh-Stricktaschenfutter<\/li>\n<li>Speziell: Kontrastierende, fluoreszierende Handytasche und 1 aufgesetzte Tasche hinten<\/li>\n<li>Robuste Verarbeitung mit doppelt gen\u00e4htem Saum<\/li>\n<li>Gewicht: 0,34 kg<\/li>\n<\/ul>\n<p> <a class=\"continue\" href=\"https:\/\/stonehead.at\/hu\/stonehead-original-herren-t-shirt-und-kurze-hose\/\">Continue Reading<span> StoneHead\u00ae Original Herren T-shirt und kurze Hose<\/span><\/a><\/p>","protected":false},"featured_media":2323,"comment_status":"open","ping_status":"closed","template":"","meta":{"site-sidebar-layout":"default","site-content-layout":"","ast-site-content-layout":"default","site-content-style":"default","site-sidebar-style":"default","ast-global-header-display":"","ast-banner-title-visibility":"","ast-main-header-display":"","ast-hfb-above-header-display":"","ast-hfb-below-header-display":"","ast-hfb-mobile-header-display":"","site-post-title":"","ast-breadcrumbs-content":"","ast-featured-img":"","footer-sml-layout":"","ast-disable-related-posts":"","theme-transparent-header-meta":"default","adv-header-id-meta":"","stick-header-meta":"","header-above-stick-meta":"","header-main-stick-meta":"","header-below-stick-meta":"","astra-migrate-meta-layouts":"set","ast-page-background-enabled":"default","ast-page-background-meta":{"desktop":{"background-color":"var(--ast-global-color-4)","background-image":"","background-repeat":"repeat","background-position":"center center","background-size":"auto","background-attachment":"scroll","background-type":"","background-media":"","overlay-type":"","overlay-color":"","overlay-opacity":"","overlay-gradient":""},"tablet":{"background-color":"","background-image":"","background-repeat":"repeat","background-position":"center center","background-size":"auto","background-attachment":"scroll","background-type":"","background-media":"","overlay-type":"","overlay-color":"","overlay-opacity":"","overlay-gradient":""},"mobile":{"background-color":"","background-image":"","background-repeat":"repeat","background-position":"center center","background-size":"auto","background-attachment":"scroll","background-type":"","background-media":"","overlay-type":"","overlay-color":"","overlay-opacity":"","overlay-gradient":""}},"ast-content-background-meta":{"desktop":{"background-color":"var(--ast-global-color-5)","background-image":"","background-repeat":"repeat","background-position":"center center","background-size":"auto","background-attachment":"scroll","background-type":"","background-media":"","overlay-type":"","overlay-color":"","overlay-opacity":"","overlay-gradient":""},"tablet":{"background-color":"var(--ast-global-color-5)","background-image":"","background-repeat":"repeat","background-position":"center center","background-size":"auto","background-attachment":"scroll","background-type":"","background-media":"","overlay-type":"","overlay-color":"","overlay-opacity":"","overlay-gradient":""},"mobile":{"background-color":"var(--ast-global-color-5)","background-image":"","background-repeat":"repeat","background-position":"center center","background-size":"auto","background-attachment":"scroll","background-type":"","background-media":"","overlay-type":"","overlay-color":"","overlay-opacity":"","overlay-gradient":""}}},"product_brand":[],"product_cat":[46,103,47],"product_tag":[119,113,112,122,110,120,116,111,123,124,117,114,121,115,118],"class_list":{"0":"post-2362","1":"product","2":"type-product","3":"status-publish","4":"has-post-thumbnail","6":"product_cat-t-shirts-maenner","7":"product_cat-kurze-hose","8":"product_cat-maenner","9":"product_tag-bequeme-freizeitkleidung","10":"product_tag-bio-baumwolle-t-shirt","11":"product_tag-freizeit-set-herren","12":"product_tag-herren-shorts-mit-taschen","13":"product_tag-herren-t-shirt","14":"product_tag-hochwertige-herrenbekleidung","15":"product_tag-komfortable-herrenmode","16":"product_tag-kurze-hose-herren","17":"product_tag-modernes-herren-outfit","18":"product_tag-nachhaltige-herrenmode","19":"product_tag-sommer-outfit-herren","20":"product_tag-sport-shorts-herren","21":"product_tag-sportbekleidung-herren","22":"product_tag-stonehead-bekleidung","23":"product_tag-t-shirt-mit-rundhalsausschnitt","24":"pa_groesse-l","25":"pa_groesse-m","26":"pa_groesse-s","27":"pa_groesse-xl","28":"pa_groesse-xxl","29":"pa_original-t-shirt-farbe-grau","30":"pa_original-t-shirt-farbe-schwarz","31":"desktop-align-left","32":"tablet-align-left","33":"mobile-align-left","35":"first","36":"instock","37":"sale","38":"shipping-taxable","39":"purchasable","40":"product-type-variable"},"_links":{"self":[{"href":"https:\/\/stonehead.at\/hu\/wp-json\/wp\/v2\/product\/2362","targetHints":{"allow":["GET"]}}],"collection":[{"href":"https:\/\/stonehead.at\/hu\/wp-json\/wp\/v2\/product"}],"about":[{"href":"https:\/\/stonehead.at\/hu\/wp-json\/wp\/v2\/types\/product"}],"replies":[{"embeddable":true,"href":"https:\/\/stonehead.at\/hu\/wp-json\/wp\/v2\/comments?post=2362"}],"wp:featuredmedia":[{"embeddable":true,"href":"https:\/\/stonehead.at\/hu\/wp-json\/wp\/v2\/media\/2323"}],"wp:attachment":[{"href":"https:\/\/stonehead.at\/hu\/wp-json\/wp\/v2\/media?parent=2362"}],"wp:term":[{"taxonomy":"product_brand","embeddable":true,"href":"https:\/\/stonehead.at\/hu\/wp-json\/wp\/v2\/product_brand?post=2362"},{"taxonomy":"product_cat","embeddable":true,"href":"https:\/\/stonehead.at\/hu\/wp-json\/wp\/v2\/product_cat?post=2362"},{"taxonomy":"product_tag","embeddable":true,"href":"https:\/\/stonehead.at\/hu\/wp-json\/wp\/v2\/product_tag?post=2362"}],"curies":[{"name":"wp","href":"https:\/\/api.w.org\/{rel}","templated":true}]}}