{"id":2209,"date":"2024-10-24T16:07:11","date_gmt":"2024-10-24T14:07:11","guid":{"rendered":"https:\/\/stonehead.at\/?post_type=product&#038;p=2209"},"modified":"2024-12-02T00:01:43","modified_gmt":"2024-12-01T23:01:43","slug":"stoneheadboxing-sweatjacke","status":"publish","type":"product","link":"https:\/\/stonehead.at\/hu\/stoneheadboxing-sweatjacke\/","title":{"rendered":"StoneHead\u00aeBoxing Sweatjacke"},"content":{"rendered":"","protected":false},"excerpt":{"rendered":"<ul>\n<li id=\"tw-target-text\" class=\"tw-data-text tw-text-large tw-ta\" dir=\"ltr\" data-placeholder=\"Ford\u00edt\u00e1s\" data-ved=\"2ahUKEwj2hZGdl6eJAxUF_rsIHbJqGF0Q3ewLegQIBxAV\" aria-label=\"Leford\u00edtott sz\u00f6veg: 80 % gek\u00e4mmte Baumwolle\/20 % Polyester Flauschiger Innenraum. K\u00e4ngurutasche mit Kopfh\u00f6rerausgang. Gerippte B\u00fcndchen und Saum. Gef\u00fctterte, kontrastierende Kapuze mit Kordelzug\"><span class=\"Y2IQFc\" lang=\"de\">80 % gek\u00e4mmte Baumwolle\/20 % Polyester <\/span><\/li>\n<li class=\"tw-data-text tw-text-large tw-ta\" dir=\"ltr\" data-placeholder=\"Ford\u00edt\u00e1s\" data-ved=\"2ahUKEwj2hZGdl6eJAxUF_rsIHbJqGF0Q3ewLegQIBxAV\" aria-label=\"Leford\u00edtott sz\u00f6veg: 80 % gek\u00e4mmte Baumwolle\/20 % Polyester Flauschiger Innenraum. K\u00e4ngurutasche mit Kopfh\u00f6rerausgang. Gerippte B\u00fcndchen und Saum. Gef\u00fctterte, kontrastierende Kapuze mit Kordelzug\"><span class=\"Y2IQFc\" lang=\"de\">K\u00e4ngurutasche mit Kopfh\u00f6rerausgang. <\/span><\/li>\n<li class=\"tw-data-text tw-text-large tw-ta\" dir=\"ltr\" data-placeholder=\"Ford\u00edt\u00e1s\" data-ved=\"2ahUKEwj2hZGdl6eJAxUF_rsIHbJqGF0Q3ewLegQIBxAV\" aria-label=\"Leford\u00edtott sz\u00f6veg: 80 % gek\u00e4mmte Baumwolle\/20 % Polyester Flauschiger Innenraum. K\u00e4ngurutasche mit Kopfh\u00f6rerausgang. Gerippte B\u00fcndchen und Saum. Gef\u00fctterte, kontrastierende Kapuze mit Kordelzug\"><span class=\"Y2IQFc\" lang=\"de\">Gerippte B\u00fcndchen und Saum. <\/span><\/li>\n<li class=\"tw-data-text tw-text-large tw-ta\" dir=\"ltr\" data-placeholder=\"Ford\u00edt\u00e1s\" data-ved=\"2ahUKEwj2hZGdl6eJAxUF_rsIHbJqGF0Q3ewLegQIBxAV\" aria-label=\"Leford\u00edtott sz\u00f6veg: 80 % gek\u00e4mmte Baumwolle\/20 % Polyester Flauschiger Innenraum. K\u00e4ngurutasche mit Kopfh\u00f6rerausgang. Gerippte B\u00fcndchen und Saum. Gef\u00fctterte, kontrastierende Kapuze mit Kordelzug\"><span class=\"Y2IQFc\" lang=\"de\">Gef\u00fctterte, kontrastierende Kapuze mit Kordelzug<\/span><\/li>\n<\/ul>\n<p> <a class=\"continue\" href=\"https:\/\/stonehead.at\/hu\/stoneheadboxing-sweatjacke\/\">Continue Reading<span> StoneHead\u00aeBoxing Sweatjacke<\/span><\/a><\/p>","protected":false},"featured_media":2217,"comment_status":"open","ping_status":"closed","template":"","meta":{"site-sidebar-layout":"default","site-content-layout":"","ast-site-content-layout":"default","site-content-style":"default","site-sidebar-style":"default","ast-global-header-display":"","ast-banner-title-visibility":"","ast-main-header-display":"","ast-hfb-above-header-display":"","ast-hfb-below-header-display":"","ast-hfb-mobile-header-display":"","site-post-title":"","ast-breadcrumbs-content":"","ast-featured-img":"","footer-sml-layout":"","ast-disable-related-posts":"","theme-transparent-header-meta":"default","adv-header-id-meta":"","stick-header-meta":"","header-above-stick-meta":"","header-main-stick-meta":"","header-below-stick-meta":"","astra-migrate-meta-layouts":"set","ast-page-background-enabled":"default","ast-page-background-meta":{"desktop":{"background-color":"var(--ast-global-color-4)","background-image":"","background-repeat":"repeat","background-position":"center center","background-size":"auto","background-attachment":"scroll","background-type":"","background-media":"","overlay-type":"","overlay-color":"","overlay-opacity":"","overlay-gradient":""},"tablet":{"background-color":"","background-image":"","background-repeat":"repeat","background-position":"center center","background-size":"auto","background-attachment":"scroll","background-type":"","background-media":"","overlay-type":"","overlay-color":"","overlay-opacity":"","overlay-gradient":""},"mobile":{"background-color":"","background-image":"","background-repeat":"repeat","background-position":"center center","background-size":"auto","background-attachment":"scroll","background-type":"","background-media":"","overlay-type":"","overlay-color":"","overlay-opacity":"","overlay-gradient":""}},"ast-content-background-meta":{"desktop":{"background-color":"var(--ast-global-color-5)","background-image":"","background-repeat":"repeat","background-position":"center center","background-size":"auto","background-attachment":"scroll","background-type":"","background-media":"","overlay-type":"","overlay-color":"","overlay-opacity":"","overlay-gradient":""},"tablet":{"background-color":"var(--ast-global-color-5)","background-image":"","background-repeat":"repeat","background-position":"center center","background-size":"auto","background-attachment":"scroll","background-type":"","background-media":"","overlay-type":"","overlay-color":"","overlay-opacity":"","overlay-gradient":""},"mobile":{"background-color":"var(--ast-global-color-5)","background-image":"","background-repeat":"repeat","background-position":"center center","background-size":"auto","background-attachment":"scroll","background-type":"","background-media":"","overlay-type":"","overlay-color":"","overlay-opacity":"","overlay-gradient":""}}},"product_brand":[],"product_cat":[47,45],"product_tag":[],"class_list":{"0":"post-2209","1":"product","2":"type-product","3":"status-publish","4":"has-post-thumbnail","6":"product_cat-maenner","7":"product_cat-sweatshirt-maenner","8":"pa_groesse-l","9":"pa_groesse-m","10":"pa_groesse-s","11":"pa_groesse-xl","12":"pa_groesse-xxl","13":"desktop-align-left","14":"tablet-align-left","15":"mobile-align-left","17":"first","18":"instock","19":"shipping-taxable","20":"purchasable","21":"product-type-variable"},"_links":{"self":[{"href":"https:\/\/stonehead.at\/hu\/wp-json\/wp\/v2\/product\/2209","targetHints":{"allow":["GET"]}}],"collection":[{"href":"https:\/\/stonehead.at\/hu\/wp-json\/wp\/v2\/product"}],"about":[{"href":"https:\/\/stonehead.at\/hu\/wp-json\/wp\/v2\/types\/product"}],"replies":[{"embeddable":true,"href":"https:\/\/stonehead.at\/hu\/wp-json\/wp\/v2\/comments?post=2209"}],"wp:featuredmedia":[{"embeddable":true,"href":"https:\/\/stonehead.at\/hu\/wp-json\/wp\/v2\/media\/2217"}],"wp:attachment":[{"href":"https:\/\/stonehead.at\/hu\/wp-json\/wp\/v2\/media?parent=2209"}],"wp:term":[{"taxonomy":"product_brand","embeddable":true,"href":"https:\/\/stonehead.at\/hu\/wp-json\/wp\/v2\/product_brand?post=2209"},{"taxonomy":"product_cat","embeddable":true,"href":"https:\/\/stonehead.at\/hu\/wp-json\/wp\/v2\/product_cat?post=2209"},{"taxonomy":"product_tag","embeddable":true,"href":"https:\/\/stonehead.at\/hu\/wp-json\/wp\/v2\/product_tag?post=2209"}],"curies":[{"name":"wp","href":"https:\/\/api.w.org\/{rel}","templated":true}]}}