{"id":2045,"date":"2024-08-20T14:38:59","date_gmt":"2024-08-20T12:38:59","guid":{"rendered":"https:\/\/stonehead.at\/?post_type=product&#038;p=2045"},"modified":"2024-08-22T09:17:59","modified_gmt":"2024-08-22T07:17:59","slug":"stoneheadschatten-boxing-herren-t-shirt-kurze-hose","status":"publish","type":"product","link":"https:\/\/stonehead.at\/hu\/stoneheadschatten-boxing-herren-t-shirt-kurze-hose\/","title":{"rendered":"StoneHead\u00aeSchatten Boxing Herren T-Shirt &#038; Kurze Hose"},"content":{"rendered":"","protected":false},"excerpt":{"rendered":"<p>T-Shirt:<\/p>\n<ul>\n<li>Qualitat: 100% baumwolle \u2013 gek\u00e4mmte, ringgesponnene Bio- oder In Konversion Bio-Baumwoll<\/li>\n<li>M\u00e9ret: S, M, L, XL, XL, 2XL,<\/li>\n<li>S\u00faly : 175 g\/m2<\/li>\n<\/ul>\n<p>Kiv\u00e1l\u00f3 min\u0151s\u00e9g\u0171 gy\u0171r\u0171sfon\u00e1s\u00fa \u00e9s f\u00e9s\u00fclt bio pamutb\u00f3l k\u00e9sz\u00fclt. A kerek nyakkiv\u00e1g\u00e1ssal, r\u00f6vid ujjakkal \u00e9s oldals\u00f3 varr\u00e1sokkal ell\u00e1tott p\u00f3l\u00f3nk leny\u0171g\u00f6z\u0151 k\u00f6nny\u0171, szuperpuha min\u0151s\u00e9g\u00e9vel \u00e9s modern szab\u00e1s\u00e1val, amely t\u00f6k\u00e9letesen illeszkedik.<\/p>\n<p>Kurze Hose:<\/p>\n<div>\n<ul>\n<li>65 % Polyester \/ 35 % Baumwolle<\/li>\n<li>Flauschiger Innenraum<\/li>\n<li>Elastischer Bund mit passendem Kordelzug<\/li>\n<\/ul>\n<div>\n<div>\n<ul>\n<li>F\u00fcr mehr Komfort ist es an der Innenseite der Taille kontrastiert.<\/li>\n<li>Es gibt ein weiches Gummiband mit fluoreszierender Paspelierung<\/li>\n<li>\n<div>\n<div>2 dekorative Seitentaschen mit\u00a0StoneHead\u00ae Rei\u00dfverschluss.<\/div>\n<\/div>\n<\/li>\n<\/ul>\n<\/div>\n<\/div>\n<\/div>\n<div><\/div>\n<div>\n<ul>\n<li>Mesh-Stricktaschenfutter und eine kontrastierende, fluoreszierende Handytasche<\/li>\n<li>1 aufgesetzte Tasche hinten<\/li>\n<li>Doppelt gen\u00e4hter Saum<\/li>\n<li>Material: 280 g\/m2 Polyester\/Baumwolle<\/li>\n<li>Gewicht 0,34 kg<\/li>\n<\/ul>\n<\/div>\n<p>&nbsp;<\/p>\n<p>&nbsp; <a class=\"continue\" href=\"https:\/\/stonehead.at\/hu\/stoneheadschatten-boxing-herren-t-shirt-kurze-hose\/\">Continue Reading<span> StoneHead\u00aeSchatten Boxing Herren T-Shirt &#038; Kurze Hose<\/span><\/a><\/p>","protected":false},"featured_media":2046,"comment_status":"open","ping_status":"closed","template":"","meta":{"site-sidebar-layout":"default","site-content-layout":"","ast-site-content-layout":"default","site-content-style":"default","site-sidebar-style":"default","ast-global-header-display":"","ast-banner-title-visibility":"","ast-main-header-display":"","ast-hfb-above-header-display":"","ast-hfb-below-header-display":"","ast-hfb-mobile-header-display":"","site-post-title":"","ast-breadcrumbs-content":"","ast-featured-img":"","footer-sml-layout":"","ast-disable-related-posts":"","theme-transparent-header-meta":"default","adv-header-id-meta":"","stick-header-meta":"","header-above-stick-meta":"","header-main-stick-meta":"","header-below-stick-meta":"","astra-migrate-meta-layouts":"set","ast-page-background-enabled":"default","ast-page-background-meta":{"desktop":{"background-color":"var(--ast-global-color-4)","background-image":"","background-repeat":"repeat","background-position":"center center","background-size":"auto","background-attachment":"scroll","background-type":"","background-media":"","overlay-type":"","overlay-color":"","overlay-opacity":"","overlay-gradient":""},"tablet":{"background-color":"","background-image":"","background-repeat":"repeat","background-position":"center center","background-size":"auto","background-attachment":"scroll","background-type":"","background-media":"","overlay-type":"","overlay-color":"","overlay-opacity":"","overlay-gradient":""},"mobile":{"background-color":"","background-image":"","background-repeat":"repeat","background-position":"center center","background-size":"auto","background-attachment":"scroll","background-type":"","background-media":"","overlay-type":"","overlay-color":"","overlay-opacity":"","overlay-gradient":""}},"ast-content-background-meta":{"desktop":{"background-color":"var(--ast-global-color-5)","background-image":"","background-repeat":"repeat","background-position":"center center","background-size":"auto","background-attachment":"scroll","background-type":"","background-media":"","overlay-type":"","overlay-color":"","overlay-opacity":"","overlay-gradient":""},"tablet":{"background-color":"var(--ast-global-color-5)","background-image":"","background-repeat":"repeat","background-position":"center center","background-size":"auto","background-attachment":"scroll","background-type":"","background-media":"","overlay-type":"","overlay-color":"","overlay-opacity":"","overlay-gradient":""},"mobile":{"background-color":"var(--ast-global-color-5)","background-image":"","background-repeat":"repeat","background-position":"center center","background-size":"auto","background-attachment":"scroll","background-type":"","background-media":"","overlay-type":"","overlay-color":"","overlay-opacity":"","overlay-gradient":""}}},"product_brand":[],"product_cat":[47],"product_tag":[],"class_list":{"0":"post-2045","1":"product","2":"type-product","3":"status-publish","4":"has-post-thumbnail","6":"product_cat-maenner","7":"pa_groesse-l","8":"pa_groesse-m","9":"pa_groesse-s","10":"pa_groesse-xl","11":"pa_groesse-xxl","12":"pa_schatten-t-shirt-farbe-grau","13":"pa_schatten-t-shirt-farbe-schwarz-rot","14":"pa_schatten-t-shirt-farbe-schwarz-weiss","15":"pa_schatten-t-shirt-farbe-weiss","16":"desktop-align-left","17":"tablet-align-left","18":"mobile-align-left","20":"first","21":"instock","22":"sale","23":"shipping-taxable","24":"purchasable","25":"product-type-variable"},"_links":{"self":[{"href":"https:\/\/stonehead.at\/hu\/wp-json\/wp\/v2\/product\/2045","targetHints":{"allow":["GET"]}}],"collection":[{"href":"https:\/\/stonehead.at\/hu\/wp-json\/wp\/v2\/product"}],"about":[{"href":"https:\/\/stonehead.at\/hu\/wp-json\/wp\/v2\/types\/product"}],"replies":[{"embeddable":true,"href":"https:\/\/stonehead.at\/hu\/wp-json\/wp\/v2\/comments?post=2045"}],"wp:featuredmedia":[{"embeddable":true,"href":"https:\/\/stonehead.at\/hu\/wp-json\/wp\/v2\/media\/2046"}],"wp:attachment":[{"href":"https:\/\/stonehead.at\/hu\/wp-json\/wp\/v2\/media?parent=2045"}],"wp:term":[{"taxonomy":"product_brand","embeddable":true,"href":"https:\/\/stonehead.at\/hu\/wp-json\/wp\/v2\/product_brand?post=2045"},{"taxonomy":"product_cat","embeddable":true,"href":"https:\/\/stonehead.at\/hu\/wp-json\/wp\/v2\/product_cat?post=2045"},{"taxonomy":"product_tag","embeddable":true,"href":"https:\/\/stonehead.at\/hu\/wp-json\/wp\/v2\/product_tag?post=2045"}],"curies":[{"name":"wp","href":"https:\/\/api.w.org\/{rel}","templated":true}]}}