{"id":1356,"date":"2024-06-14T23:09:39","date_gmt":"2024-06-14T21:09:39","guid":{"rendered":"https:\/\/stonehead.at\/?post_type=product&#038;p=1356"},"modified":"2024-12-02T00:01:43","modified_gmt":"2024-12-01T23:01:43","slug":"stonehead-ring-herren-t-shirt","status":"publish","type":"product","link":"https:\/\/stonehead.at\/hu\/stonehead-ring-herren-t-shirt\/","title":{"rendered":"StoneHead\u00ae Ring F\u00e9rfi P\u00f3l\u00f3"},"content":{"rendered":"","protected":false},"excerpt":{"rendered":"<ul>\n<li>Anyaga: 100 % gy\u0171r\u0171sfon\u00e1s\u00fa bio pamut<\/li>\n<li>Anyag s\u00falya: 145g\/m2<\/li>\n<\/ul>\n<p>Egyr\u00e9teg\u0171 jersey anyagb\u00f3l k\u00e9sz\u00fclt, fenntarthat\u00f3 organikus pamutb\u00f3l, amely modern illeszked\u00e9st k\u00edn\u00e1l minden c\u00e9lra. N\u0151ies form\u00e1ja az oldals\u00f3 varr\u00e1sokkal \u00e9s a modern nyakkiv\u00e1g\u00e1st hangs\u00falyoz\u00f3 karcs\u00fa szab\u00e1ssal t\u00f6k\u00e9letes v\u00e1laszt\u00e1s. <a class=\"continue\" href=\"https:\/\/stonehead.at\/hu\/stonehead-ring-herren-t-shirt\/\">Continue Reading<span> StoneHead\u00ae Ring F\u00e9rfi P\u00f3l\u00f3<\/span><\/a><\/p>","protected":false},"featured_media":2003,"comment_status":"open","ping_status":"closed","template":"","meta":{"site-sidebar-layout":"default","site-content-layout":"","ast-site-content-layout":"default","site-content-style":"default","site-sidebar-style":"default","ast-global-header-display":"","ast-banner-title-visibility":"","ast-main-header-display":"","ast-hfb-above-header-display":"","ast-hfb-below-header-display":"","ast-hfb-mobile-header-display":"","site-post-title":"","ast-breadcrumbs-content":"","ast-featured-img":"","footer-sml-layout":"","ast-disable-related-posts":"","theme-transparent-header-meta":"default","adv-header-id-meta":"","stick-header-meta":"","header-above-stick-meta":"","header-main-stick-meta":"","header-below-stick-meta":"","astra-migrate-meta-layouts":"set","ast-page-background-enabled":"default","ast-page-background-meta":{"desktop":{"background-color":"var(--ast-global-color-4)","background-image":"","background-repeat":"repeat","background-position":"center center","background-size":"auto","background-attachment":"scroll","background-type":"","background-media":"","overlay-type":"","overlay-color":"","overlay-opacity":"","overlay-gradient":""},"tablet":{"background-color":"","background-image":"","background-repeat":"repeat","background-position":"center center","background-size":"auto","background-attachment":"scroll","background-type":"","background-media":"","overlay-type":"","overlay-color":"","overlay-opacity":"","overlay-gradient":""},"mobile":{"background-color":"","background-image":"","background-repeat":"repeat","background-position":"center center","background-size":"auto","background-attachment":"scroll","background-type":"","background-media":"","overlay-type":"","overlay-color":"","overlay-opacity":"","overlay-gradient":""}},"ast-content-background-meta":{"desktop":{"background-color":"var(--ast-global-color-5)","background-image":"","background-repeat":"repeat","background-position":"center center","background-size":"auto","background-attachment":"scroll","background-type":"","background-media":"","overlay-type":"","overlay-color":"","overlay-opacity":"","overlay-gradient":""},"tablet":{"background-color":"var(--ast-global-color-5)","background-image":"","background-repeat":"repeat","background-position":"center center","background-size":"auto","background-attachment":"scroll","background-type":"","background-media":"","overlay-type":"","overlay-color":"","overlay-opacity":"","overlay-gradient":""},"mobile":{"background-color":"var(--ast-global-color-5)","background-image":"","background-repeat":"repeat","background-position":"center center","background-size":"auto","background-attachment":"scroll","background-type":"","background-media":"","overlay-type":"","overlay-color":"","overlay-opacity":"","overlay-gradient":""}}},"product_brand":[],"product_cat":[47,46],"product_tag":[],"class_list":{"0":"post-1356","1":"product","2":"type-product","3":"status-publish","4":"has-post-thumbnail","6":"product_cat-maenner","7":"product_cat-t-shirts-maenner","8":"pa_farbe-schwarz","9":"pa_farbe-weiss","10":"pa_groesse-s","11":"pa_groesse-m","12":"pa_groesse-l","13":"pa_groesse-xl","14":"pa_groesse-xxl","15":"desktop-align-left","16":"tablet-align-left","17":"mobile-align-left","19":"first","20":"instock","21":"shipping-taxable","22":"purchasable","23":"product-type-variable"},"_links":{"self":[{"href":"https:\/\/stonehead.at\/hu\/wp-json\/wp\/v2\/product\/1356","targetHints":{"allow":["GET"]}}],"collection":[{"href":"https:\/\/stonehead.at\/hu\/wp-json\/wp\/v2\/product"}],"about":[{"href":"https:\/\/stonehead.at\/hu\/wp-json\/wp\/v2\/types\/product"}],"replies":[{"embeddable":true,"href":"https:\/\/stonehead.at\/hu\/wp-json\/wp\/v2\/comments?post=1356"}],"wp:featuredmedia":[{"embeddable":true,"href":"https:\/\/stonehead.at\/hu\/wp-json\/wp\/v2\/media\/2003"}],"wp:attachment":[{"href":"https:\/\/stonehead.at\/hu\/wp-json\/wp\/v2\/media?parent=1356"}],"wp:term":[{"taxonomy":"product_brand","embeddable":true,"href":"https:\/\/stonehead.at\/hu\/wp-json\/wp\/v2\/product_brand?post=1356"},{"taxonomy":"product_cat","embeddable":true,"href":"https:\/\/stonehead.at\/hu\/wp-json\/wp\/v2\/product_cat?post=1356"},{"taxonomy":"product_tag","embeddable":true,"href":"https:\/\/stonehead.at\/hu\/wp-json\/wp\/v2\/product_tag?post=1356"}],"curies":[{"name":"wp","href":"https:\/\/api.w.org\/{rel}","templated":true}]}}