{"id":1268,"date":"2024-06-14T15:06:44","date_gmt":"2024-06-14T13:06:44","guid":{"rendered":"https:\/\/stonehead.at\/?post_type=product&#038;p=1268"},"modified":"2024-12-02T00:01:41","modified_gmt":"2024-12-01T23:01:41","slug":"everliving-edelstahl-trinkbecher","status":"publish","type":"product","link":"https:\/\/stonehead.at\/hu\/everliving-edelstahl-trinkbecher\/","title":{"rendered":"StoneHead\u00ae Everliving Rozsdamentes Ac\u00e9l Iv\u00f3poh\u00e1r"},"content":{"rendered":"","protected":false},"excerpt":{"rendered":"<p>StoneHead\u00ae rozsdamentes ac\u00e9l iv\u00f3poh\u00e1r fed\u0151vel<\/p>\n<ul>\n<li><strong>Kapacit\u00e1s<\/strong>: 250 ml - t\u00f6k\u00e9letes mindennapi haszn\u00e1latra, sportol\u00e1shoz vagy szabadt\u00e9ri tev\u00e9kenys\u00e9gekhez.<\/li>\n<li><strong>Anyaga<\/strong>: Kiv\u00e1l\u00f3 min\u0151s\u00e9g\u0171 rozsdamentes ac\u00e9l - tart\u00f3s \u00e9s rozsdamentes.<\/li>\n<li><strong>Design<\/strong>: St\u00edlusos, fekete kivitel - modern \u00e9s eleg\u00e1ns.<\/li>\n<li><strong>K\u00f6nnyen tiszt\u00edthat\u00f3<\/strong>: Sz\u00e9les ny\u00edl\u00e1s - egyszer\u0171 t\u00f6lt\u00e9s \u00e9s tiszt\u00edt\u00e1s.<\/li>\n<li><strong>K\u00f6rnyezetbar\u00e1t<\/strong>: \u00dajrafelhaszn\u00e1lhat\u00f3 \u00e9s fenntarthat\u00f3 - v\u00e9di a k\u00f6rnyezetet.<\/li>\n<li><strong>BPA-mentes<\/strong>: Biztons\u00e1gos \u00e9s eg\u00e9szs\u00e9ges - k\u00e1ros vegyi anyagokt\u00f3l mentes.<\/li>\n<\/ul>\n<p> <a class=\"continue\" href=\"https:\/\/stonehead.at\/hu\/everliving-edelstahl-trinkbecher\/\">Continue Reading<span> StoneHead\u00ae Everliving Rozsdamentes Ac\u00e9l Iv\u00f3poh\u00e1r<\/span><\/a><\/p>","protected":false},"featured_media":1889,"comment_status":"open","ping_status":"closed","template":"","meta":{"site-sidebar-layout":"default","site-content-layout":"","ast-site-content-layout":"default","site-content-style":"default","site-sidebar-style":"default","ast-global-header-display":"","ast-banner-title-visibility":"","ast-main-header-display":"","ast-hfb-above-header-display":"","ast-hfb-below-header-display":"","ast-hfb-mobile-header-display":"","site-post-title":"","ast-breadcrumbs-content":"","ast-featured-img":"","footer-sml-layout":"","ast-disable-related-posts":"","theme-transparent-header-meta":"default","adv-header-id-meta":"","stick-header-meta":"","header-above-stick-meta":"","header-main-stick-meta":"","header-below-stick-meta":"","astra-migrate-meta-layouts":"set","ast-page-background-enabled":"default","ast-page-background-meta":{"desktop":{"background-color":"var(--ast-global-color-4)","background-image":"","background-repeat":"repeat","background-position":"center center","background-size":"auto","background-attachment":"scroll","background-type":"","background-media":"","overlay-type":"","overlay-color":"","overlay-opacity":"","overlay-gradient":""},"tablet":{"background-color":"","background-image":"","background-repeat":"repeat","background-position":"center center","background-size":"auto","background-attachment":"scroll","background-type":"","background-media":"","overlay-type":"","overlay-color":"","overlay-opacity":"","overlay-gradient":""},"mobile":{"background-color":"","background-image":"","background-repeat":"repeat","background-position":"center center","background-size":"auto","background-attachment":"scroll","background-type":"","background-media":"","overlay-type":"","overlay-color":"","overlay-opacity":"","overlay-gradient":""}},"ast-content-background-meta":{"desktop":{"background-color":"var(--ast-global-color-5)","background-image":"","background-repeat":"repeat","background-position":"center center","background-size":"auto","background-attachment":"scroll","background-type":"","background-media":"","overlay-type":"","overlay-color":"","overlay-opacity":"","overlay-gradient":""},"tablet":{"background-color":"var(--ast-global-color-5)","background-image":"","background-repeat":"repeat","background-position":"center center","background-size":"auto","background-attachment":"scroll","background-type":"","background-media":"","overlay-type":"","overlay-color":"","overlay-opacity":"","overlay-gradient":""},"mobile":{"background-color":"var(--ast-global-color-5)","background-image":"","background-repeat":"repeat","background-position":"center center","background-size":"auto","background-attachment":"scroll","background-type":"","background-media":"","overlay-type":"","overlay-color":"","overlay-opacity":"","overlay-gradient":""}}},"product_brand":[],"product_cat":[30,68],"product_tag":[],"class_list":{"0":"post-1268","1":"product","2":"type-product","3":"status-publish","4":"has-post-thumbnail","6":"product_cat-accessories","7":"product_cat-trinkware","8":"desktop-align-left","9":"tablet-align-left","10":"mobile-align-left","12":"first","13":"instock","14":"shipping-taxable","15":"purchasable","16":"product-type-simple"},"_links":{"self":[{"href":"https:\/\/stonehead.at\/hu\/wp-json\/wp\/v2\/product\/1268","targetHints":{"allow":["GET"]}}],"collection":[{"href":"https:\/\/stonehead.at\/hu\/wp-json\/wp\/v2\/product"}],"about":[{"href":"https:\/\/stonehead.at\/hu\/wp-json\/wp\/v2\/types\/product"}],"replies":[{"embeddable":true,"href":"https:\/\/stonehead.at\/hu\/wp-json\/wp\/v2\/comments?post=1268"}],"wp:featuredmedia":[{"embeddable":true,"href":"https:\/\/stonehead.at\/hu\/wp-json\/wp\/v2\/media\/1889"}],"wp:attachment":[{"href":"https:\/\/stonehead.at\/hu\/wp-json\/wp\/v2\/media?parent=1268"}],"wp:term":[{"taxonomy":"product_brand","embeddable":true,"href":"https:\/\/stonehead.at\/hu\/wp-json\/wp\/v2\/product_brand?post=1268"},{"taxonomy":"product_cat","embeddable":true,"href":"https:\/\/stonehead.at\/hu\/wp-json\/wp\/v2\/product_cat?post=1268"},{"taxonomy":"product_tag","embeddable":true,"href":"https:\/\/stonehead.at\/hu\/wp-json\/wp\/v2\/product_tag?post=1268"}],"curies":[{"name":"wp","href":"https:\/\/api.w.org\/{rel}","templated":true}]}}