{"id":3,"date":"2024-03-07T14:02:53","date_gmt":"2024-03-07T13:02:53","guid":{"rendered":"https:\/\/stonehead.at\/?page_id=3"},"modified":"2024-05-25T09:33:26","modified_gmt":"2024-05-25T07:33:26","slug":"datenschutzerklaerung","status":"publish","type":"page","link":"https:\/\/stonehead.at\/hu\/datenschutzerklaerung\/","title":{"rendered":"Datenschutzerkl\u00e4rung"},"content":{"rendered":"\t\t<div data-elementor-type=\"wp-page\" data-elementor-id=\"3\" class=\"elementor elementor-3\" data-elementor-post-type=\"page\">\n\t\t\t\t<div class=\"elementor-element elementor-element-f72c003 e-flex e-con-boxed e-con e-parent\" data-id=\"f72c003\" data-element_type=\"container\" data-e-type=\"container\">\n\t\t\t\t\t<div class=\"e-con-inner\">\n\t\t\t\t<div class=\"elementor-element elementor-element-0ab3938 elementor-fixed elementor-widget elementor-widget-image\" data-id=\"0ab3938\" data-element_type=\"widget\" data-e-type=\"widget\" data-settings=\"{&quot;_position&quot;:&quot;fixed&quot;,&quot;motion_fx_motion_fx_scrolling&quot;:&quot;yes&quot;,&quot;motion_fx_translateY_effect&quot;:&quot;yes&quot;,&quot;motion_fx_translateY_speed&quot;:{&quot;unit&quot;:&quot;px&quot;,&quot;size&quot;:0,&quot;sizes&quot;:[]},&quot;motion_fx_scale_effect&quot;:&quot;yes&quot;,&quot;motion_fx_translateY_affectedRange&quot;:{&quot;unit&quot;:&quot;%&quot;,&quot;size&quot;:&quot;&quot;,&quot;sizes&quot;:{&quot;start&quot;:0,&quot;end&quot;:100}},&quot;motion_fx_scale_direction&quot;:&quot;out-in&quot;,&quot;motion_fx_scale_speed&quot;:{&quot;unit&quot;:&quot;px&quot;,&quot;size&quot;:4,&quot;sizes&quot;:[]},&quot;motion_fx_scale_range&quot;:{&quot;unit&quot;:&quot;%&quot;,&quot;size&quot;:&quot;&quot;,&quot;sizes&quot;:{&quot;start&quot;:20,&quot;end&quot;:80}},&quot;motion_fx_devices&quot;:[&quot;desktop&quot;,&quot;tablet&quot;,&quot;mobile&quot;]}\" data-widget_type=\"image.default\">\n\t\t\t\t<div class=\"elementor-widget-container\">\n\t\t\t\t\t\t\t\t\t\t\t\t\t\t\t<img fetchpriority=\"high\" decoding=\"async\" width=\"500\" height=\"500\" src=\"https:\/\/stonehead.at\/wp-content\/uploads\/2024\/05\/stonehead-submark-1.png\" class=\"attachment-large size-large wp-image-216\" alt=\"\" srcset=\"https:\/\/stonehead.at\/wp-content\/uploads\/2024\/05\/stonehead-submark-1.png 500w, https:\/\/stonehead.at\/wp-content\/uploads\/2024\/05\/stonehead-submark-1-300x300.png 300w, https:\/\/stonehead.at\/wp-content\/uploads\/2024\/05\/stonehead-submark-1-100x100.png 100w, https:\/\/stonehead.at\/wp-content\/uploads\/2024\/05\/stonehead-submark-1-150x150.png 150w, https:\/\/stonehead.at\/wp-content\/uploads\/2024\/05\/stonehead-submark-1-50x50.png 50w\" sizes=\"(max-width: 500px) 100vw, 500px\" title=\"\">\t\t\t\t\t\t\t\t\t\t\t\t\t\t\t<\/div>\n\t\t\t\t<\/div>\n\t\t\t\t\t<\/div>\n\t\t\t\t<\/div>\n\t\t<div class=\"elementor-element elementor-element-bc2ff56 e-flex e-con-boxed e-con e-parent\" data-id=\"bc2ff56\" data-element_type=\"container\" data-e-type=\"container\">\n\t\t\t\t\t<div class=\"e-con-inner\">\n\t\t\t\t<div class=\"elementor-element elementor-element-40c834d1 elementor-widget elementor-widget-text-editor\" data-id=\"40c834d1\" data-element_type=\"widget\" data-e-type=\"widget\" data-widget_type=\"text-editor.default\">\n\t\t\t\t<div class=\"elementor-widget-container\">\n\t\t\t\t\t\t\t\t\t\n<ol>\n<li><strong>EINLEITUNG<\/strong><\/li>\n<\/ol>\n<p>Die Einhaltung der geltenden Datenschutzbestimmungen und -gesetze ist uns sehr wichtig, daher gehen wir im Folgenden ausf\u00fchrlich auf Datenerhebungsprozesse von <strong>StoneHead <\/strong><strong>und Fogas-Csern\u00f3k Csilla e.U.<\/strong> ein.<\/p>\n<p>Die Daten werden von Fogas-Csern\u00f3k Csilla e.U. verarbeitet und sie ist verantwortlich f\u00fcr die Verarbeitung der pers\u00f6nlichen Daten.<\/p>\n<p><strong>Kontaktinformationen:<\/strong><br \/>Name des Einzelunternehmers: Fogas-Csern\u00f3k Csilla<br \/>E-Mail-Adresse: xxxx@stonehead.at<br \/>Postanschrift: Kammermayrstra\u00dfe 1\/1\/1, 4400 Steyr<\/p>\n<p><strong>2. WELCHE PERSONENBEZOGENEN DATEN VERARBEITEN WIR UND WARUM?<\/strong><\/p>\n<p>Personenbezogene Daten sind solche, die eindeutig die genaue Identifizierung einer Person erm\u00f6glichen. Auf der Website von StoneHead verarbeiten wir die folgenden personenbezogenen Daten unter Angabe der Rechtsgrundlage:<\/p>\n<p><strong>KOMMUNIKATIONSDATEN<\/strong><br \/>Dies schlie\u00dft alle Nachrichten ein, die Sie uns \u00fcber die Website, per E Mail, \u00fcber Beitr\u00e4ge in sozialen Medien oder \u00fcber andere Formen der Kommunikation senden. Diese Daten werden verarbeitet und aufbewahrt, um Auftr\u00e4ge zu erf\u00fcllen und um eine Entscheidungsgrundlage im Falle von Rechtsanspr\u00fcchen zu schaffen.<br \/>Unsere Rechtsgrundlage f\u00fcr die Verarbeitung dieser Daten ist das nachweisliche Interesse des Nutzers an unseren Aktivit\u00e4ten, das sich in den an uns gesendeten Nachrichten manifestiert.<\/p>\n<p><strong>KUNDENDATEN<\/strong><br \/>Dazu geh\u00f6ren alle Daten, die sich auf den Kauf von Produkten und Dienstleistungen beziehen, wie z. B. der Name des Kunden, die Versand- und Rechnungsadresse, die E- Mail-Adresse, die Telefonnummer und Einzelheiten zum gekauften Produkt. Diese Daten werden verarbeitet, um die erfolgreiche Ausf\u00fchrung von Bestellungen zu gew\u00e4hrleisten und um eine rechtlich korrekte Aufzeichnung der Eink\u00e4ufe zu f\u00fchren. Die Rechtsgrundlage f\u00fcr die Speicherung der Daten ist die Erf\u00fcllung des Vertrages zwischen dem Kunden und Fogas-Csern\u00f3k Csilla (https:\/\/stonehead.at).<\/p>\n<p><strong>BENUTZERDATEN<\/strong><br \/>Dazu geh\u00f6ren Daten, die bei der Nutzung der Website erzeugt werden, um den technischen Betrieb der Website zu erm\u00f6glichen, die Sicherheit der Website aufrechtzuerhalten, die Aktivit\u00e4ten der Nutzer zu protokollieren und sicherzustellen, dass sie immer Zugang zu den wichtigsten Inhalten haben. Die Rechtsgrundlage f\u00fcr die Verarbeitung der Daten ist das eindeutige Interesse des Nutzers an unseren Aktivit\u00e4ten, das notwendig ist, um sie f\u00fcr das technische Funktionieren der Website zu gew\u00e4hrleisten und zu speichern.<\/p>\n<p><strong>TECHNISCHE DATEN<\/strong><br \/>Dazu geh\u00f6ren Daten, die w\u00e4hrend der Nutzung der Website generiert werden, wie z. B. IP- Adresse, Anmeldeinformationen, Browserdaten, Verweildauer auf jeder Seite, Seitenaufrufe und Navigationspfade, Anzahl und Zeitpunkt der Besuche auf der Website, Zeitzonen und das Ger\u00e4t, mit dem Sie die Website aufrufen. Die Datenquelle ist unsere Analysesoftware. Wir verarbeiten diese Daten, um das Verhalten der Nutzer auf der Website zu analysieren, um unsere Website sicher zu halten und um den Nutzen unserer Marketingentscheidungen zu verstehen. Die Rechtsgrundlage f\u00fcr die Verarbeitung dieser Daten ist das eindeutige Interesse des Nutzers an unseren Aktivit\u00e4ten, das es uns erlaubt, diese Daten in \u00dcbereinstimmung mit den Sicherheitsanforderungen zu verarbeiten und sie zu nutzen, um unser Gesch\u00e4ft zu verbessern und effektiver zu gestalten.<\/p>\n<p><strong>VERMARKTUNGSDATEN<\/strong><br \/>Dazu geh\u00f6ren die Pr\u00e4ferenzen der Besucher, welche Marketinginhalte sie von uns erhalten m\u00f6chten. Wir verarbeiten diese Daten, um die Teilnahme an Gewinnspielen zu erm\u00f6glichen und um Werbung f\u00fcr unsere Produkte\/Dienstleistungen zu versenden, an denen der Nutzer Interesse bekundet hat. Die Rechtsgrundlage f\u00fcr die Verarbeitung der Daten ist das eindeutige Interesse des Nutzers an unseren Aktivit\u00e4ten, das es uns erlaubt, diese Daten in \u00dcbereinstimmung mit den Sicherheitsanforderungen zu verarbeiten und sie zur Steigerung der Gesch\u00e4ftst\u00e4tigkeit f\u00fcr einen effizienteren Betrieb zu nutzen.<\/p>\n<p>Von Zeit zu Zeit k\u00f6nnen wir die erfassten Informationen f\u00fcr Zwecke wie die Bereitstellung gezielter, relevanter Werbung auf der Facebook\u2122-Plattform und verschiedenen dynamischen Werbeplattformen sowie zur Messung der Wirksamkeit der Werbung verwenden.<br \/>Die Rechtsgrundlage f\u00fcr die Verarbeitung der Daten ist das eindeutige Interesse des Nutzers an unseren Aktivit\u00e4ten, das es uns erlaubt, diese Daten in \u00dcbereinstimmung mit den Sicherheitsanforderungen zu verarbeiten und sie zur Steigerung der Gesch\u00e4ftst\u00e4tigkeit f\u00fcr eine effizientere T\u00e4tigkeit zu nutzen.<br \/>Wir erheben im Rahmen unserer T\u00e4tigkeit keine sensiblen Daten wie ethnische Zugeh\u00f6rigkeit, religi\u00f6se \u00dcberzeugungen, Sexualleben und sexuelle Orientierung, politische Meinungen und Gewerkschaftszugeh\u00f6rigkeit oder gesundheitliche Hintergr\u00fcnde sowie genetische oder biometrische Informationen.<\/p>\n<p><strong>3. WIE SAMMELN WIR DATEN?<\/strong><\/p>\n<p>Wir k\u00f6nnen personenbezogene Daten auf eine Art und Weise sammeln, die der Nutzer uns direkt zur Verf\u00fcgung stellt (z. B. durch eine Bestellung oder eine Nachricht). Dar\u00fcber hinaus werden bestimmte Informationen automatisch erfasst, wenn Sie die Website nutzen, z. B. wenn Sie uns Informationen zur Verf\u00fcgung stellen oder uns eine Nachricht senden. \u201eCookies\u201c und \u00e4hnliche Technologien. Diese werden erst aktiviert, wenn der Nutzer seine Zustimmung gegeben hat. Weitere Informationen finden Sie in unserer Cookie-Erkl\u00e4rung.<\/p>\n<p>Wir erhalten bestimmte Informationen von externen Partnern, z. B. von Analyseanbietern wie Google (einem Partner au\u00dferhalb der EU), Werbenetzwerken wie Facebook\u2122 (einem Partner au\u00dferhalb der EU) und Zahlungsgateway-Partnern wie Stripe (einem Partner au\u00dferhalb der EU).<\/p>\n<p><strong>4. PRAKTISCHE SCHRITTE ZUM SCHUTZ IHRER DATEN<\/strong><\/p>\n<p>F\u00fcr Fogas-Csern\u00f3k Csilla e.U. ist es von gr\u00f6\u00dfter Bedeutung, die Privatsph\u00e4re unserer Nutzer zu sch\u00fctzen und die geltenden Vorschriften einzuhalten. Daher haben wir nach der Durchf\u00fchrung einer Datenschutz-Folgenabsch\u00e4tzung f\u00fcr die Website eine Liste der<br \/>erhobenen Daten, ihrer Notwendigkeit und Rechtsgrundlage sowie der Einhaltung der gesetzlichen Bestimmungen zusammengestellt.<br \/>Um die in den Formularen angegebenen und auf der Website generierten Daten zu sch\u00fctzen, verwenden wir auf der gesamten Website eine SSL-Zertifizierung (Let\u2019s Encrypt Authority X3-Zertifizierung).<\/p>\n<p>Um die Website vor Angriffen zu sch\u00fctzen, verwenden wir eine hochwertige Sicherheitssoftware (Solid Security), um die so genannte \u201eSicherheit\u201c der Website zu sch\u00fctzen. \u201eBrute-Force- und Virenangriffe auf die gespeicherten Daten. Kauf- und Nutzungsdaten werden in den Datenbanken der Website in verschl\u00fcsselter Form (pseudonymisiert) gespeichert und k\u00f6nnen von Dritten nicht eingesehen werden.<\/p>\n<p>In dieser Datenschutzerkl\u00e4rung stellen wir den Nutzern Formulare zur Verf\u00fcgung, mit denen sie Informationen \u00fcber die Verarbeitung ihrer personenbezogenen Daten anfordern, ihre personenbezogenen Daten \u00e4ndern oder l\u00f6schen k\u00f6nnen.<br \/>Von Zeit zu Zeit kann es sein, dass wir im Rahmen unserer Gesch\u00e4ftst\u00e4tigkeit Daten an unsere Dienstleistungspartner (z. B. Hosting-Anbieter, Kurierdienste, Mailing-Software) weitergeben m\u00fcssen.<br \/>In solchen F\u00e4llen entscheiden wir uns immer daf\u00fcr, sicherzustellen, dass sie die Anforderungen der GDPR-Verordnung erf\u00fcllen und, im Falle eines in den USA ans\u00e4ssigen Partners, dass sie an der EU-US Privacy Shield-Initiative teilnehmen und einen Datenverwaltungsvertrag mit ihnen unterzeichnen, um sicherzustellen, dass die Daten verantwortungsvoll behandelt werden.<\/p>\n<p><strong>5. MARKETINGKOMMUNIKATION<\/strong><\/p>\n<p>F\u00fcr das Unternehmen ist es unerl\u00e4sslich, Marketingkommunikation zu betreiben. Die Rechtsgrundlage f\u00fcr die Verarbeitung von Daten in diesem Zusammenhang ist die Bekundung des Interesses an unseren Diensten oder die ausdr\u00fcckliche Zustimmung der Nutzer.<br \/>Gem\u00e4\u00df der EU-Verordnung zum Schutz der Privatsph\u00e4re und der elektronischen Kommunikation (PECR) senden wir unseren Nutzern Marketingmitteilungen, wenn sie einen Kauf bei uns get\u00e4tigt oder dem Erhalt von Marketingmitteilungen ausdr\u00fccklich zugestimmt haben.<br \/>In jedem Fall bieten wir Ihnen eine auff\u00e4llige M\u00f6glichkeit, sich von diesen Nachrichten abzumelden und diese abzubestellen. Am Ende jeder E-Mail finden Sie einen Link, \u00fcber den Sie sich abmelden k\u00f6nnen, oder Sie k\u00f6nnen sich per E-Mail an xxxx@stonehead.at aus<br \/>unserer Datenbank l\u00f6schen lassen.<br \/>Wir k\u00f6nnen auch Nachrichten zur Abbestellung von Marketingmitteilungen versenden, jedoch nur im Zusammenhang mit der Ausf\u00fchrung von Bestellungen.<\/p>\n<p><strong>6. HINWEIS ZU PERSONENBEZOGENEN DATEN<\/strong><\/p>\n<p>Von Zeit zu Zeit ist es notwendig, bestimmte personenbezogene Daten an bestimmte unserer Partner weiterzugeben, um den normalen Gesch\u00e4ftsbetrieb aufrechtzuerhalten:<\/p>\n<p>-IT-Dienstleister und Anbieter von Dienstleistungen zur Fehlerbehebung und Wartung von Computersystemen<br \/>-Beratungspartner wie Rechtsanw\u00e4lte, Wirtschaftspr\u00fcfer, Banken, Versicherungen<br \/>-Staatliche Stellen, die Berichte \u00fcber unsere Aktivit\u00e4ten anfordern<br \/>-Zahlungsdienstleister, die Kreditkartendaten sicher verarbeiten-Zustelldienste, die eingehende Auftr\u00e4ge an die angegebene Lieferadresse erf\u00fcllen Internationale Daten\u00fcbermittlung<\/p>\n<p>Von Zeit zu Zeit kann es sein, dass wir Nutzerdaten an Partner au\u00dferhalb des Europ\u00e4ischen Wirtschaftsraums (EWR) weitergeben m\u00fcssen, um unsere Gesch\u00e4fte aufrechtzuerhalten. In vielen F\u00e4llen bieten L\u00e4nder au\u00dferhalb des EWR nicht das gleiche Datenschutzniveau,<br \/>und das europ\u00e4ische Recht verbietet die Ausfuhr von Daten, wenn nicht die entsprechenden Bedingungen erf\u00fcllt sind.<br \/>Wann immer personenbezogene Daten au\u00dferhalb des EWR \u00fcbermittelt werden, ergreifen wir zus\u00e4tzlich zu den in Abschnitt 4 beschriebenen Ma\u00dfnahmen die folgenden Schritte, um sicherzustellen, dass die Daten sicher behandelt werden:<\/p>\n<p>-Wir \u00fcbermitteln Daten nur in L\u00e4nder, die die Europ\u00e4ische Kommission unter dem Gesichtspunkt der Datensicherheit f\u00fcr angemessen h\u00e4lt.<br \/>Verwenden Sie nur in den USA ans\u00e4ssige Dienste, die der EU-US-Datenschutzschild- Initiative angeh\u00f6ren.<\/p>\n<p>Wenn die oben genannten Bedingungen nicht erf\u00fcllt sind, werden wir die ausdr\u00fcckliche Zustimmung der Nutzer zur Daten\u00fcbermittlung einholen. Die Zustimmung kann jederzeit widerrufen werden.<br \/>Links zu externen Websites<br \/>Diese Website kann gelegentlich Links zu externen Websites oder in die Website eingebettete Codeschnipsel enthalten, die Funktionen f\u00fcr externe Dienste bereitstellen. Wenn Sie auf diese Links klicken oder die eingebetteten L\u00f6sungen nutzen, k\u00f6nnen externe Partner m\u00f6glicherweise Informationen \u00fcber die Nutzer sammeln. Obwohl wir unser Bestes tun, um unsere Partner angemessen zu pr\u00fcfen, haben wir keine Kontrolle \u00fcber ihre Datenschutzpraktiken und sind nicht f\u00fcr ihre Datenschutzpraktiken verantwortlich.<\/p>\n<p><strong>7.\u00a0 DAUER DER BEARBEITUNG<\/strong><\/p>\n<p>Wir werden die Daten der Nutzer immer nur so lange speichern, wie wir aufgrund unserer gesetzlichen\/buchhalterischen\/datenrechtlichen Verpflichtungen dazu verpflichtet sind oder wie es f\u00fcr den Betrieb des Dienstes erforderlich ist. Bei der Entscheidung \u00fcber die Dauer der Speicherung ber\u00fccksichtigen wir den Umfang, die Art und die Sensibilit\u00e4t der Daten sowie die m\u00f6glichen Auswirkungen eines Datenlecks im<br \/>Falle einer Datenschutzverletzung.<\/p>\n<p>Aus steuerlichen Gr\u00fcnden m\u00fcssen wir die Rechnungs- und Kaufdaten unserer Kunden mindestens 8 Jahre lang aufbewahren, um unseren gesetzlichen Verpflichtungen nachzukommen. Unter bestimmten Umst\u00e4nden k\u00f6nnen wir die Daten in anonymisierter Form f\u00fcr statistische Zwecke verwenden; in diesem Fall werden die Daten ohne Vorank\u00fcndigung auf unbestimmte Zeit gespeichert.<\/p>\n<p><strong>8. RECHTE DER BESUCHER<\/strong><\/p>\n<p>Als B\u00fcrgerin oder B\u00fcrger der Europ\u00e4ischen Union hat die Nutzerin oder der Nutzer dieser Website aufgrund der Allgemeinen Datenschutzverordnung (GDPR) folgende Rechte:<\/p>\n<p><strong>a &#8211;\u00a0 Zugang zu personenbezogenen Daten<\/strong><br \/>Die Nutzer der Website haben das Recht, eine Kopie der von https:\/\/stonehead.at (Fogas- Csern\u00f3k Csilla) gespeicherten personenbezogenen Daten zu verlangen. Die Anfrage wird in der Regel innerhalb von 14 Tagen nach Eingang der Anfrage kostenlos bearbeitet. Bei wiederholten, missbr\u00e4uchlichen, ungerechtfertigten Anfragen kann https:\/\/stonehead.at (Fogas-Csern\u00f3k Csilla e.U.) eine moderate Geb\u00fchr f\u00fcr die Bereitstellung der Daten erheben und zus\u00e4tzliche Zeit f\u00fcr die Bereitstellung der Daten verlangen. Dar\u00fcber hinaus verlangt Fogas-Csern\u00f3k Csilla e.U. vor der Bereitstellung der Daten einen Identit\u00e4tsnachweis, um Missbrauch zu verhindern. Um pers\u00f6nliche Daten anzufordern, verwenden Sie bitte das nachstehende Kontaktformular:<br \/>Datenanfrage \/ Datenl\u00f6schung \/ Datenbeschr\u00e4nkung<br \/>Name:<br \/>Vor- und Nachname<br \/>Email:<br \/>Email adresse<br \/>Grund der Anfrage:<\/p>\n<p>Daten l\u00f6schen<br \/>Datenschutz<br \/>Ich bin mit der Erfassung meiner Daten einverstanden, damit ich die gew\u00fcnschten Informationen erhalten kann. F\u00fcr weitere Informationen besuchen Sie bitte unsere Seite Datenschutzerkl\u00e4rungen.<br \/>ANFRAGE SENDEN<\/p>\n<p><strong>b &#8211;\u00a0 \u00c4nderungen der personenbezogenen Daten<\/strong><\/p>\n<p>Wenn personenbezogene Daten ge\u00e4ndert oder unrichtig angegeben wurden, haben die Nutzer das Recht, die Berichtigung der Daten zu verlangen. Wenn Sie Ihre pers\u00f6nlichen Daten \u00e4ndern m\u00f6chten, kontaktieren Sie uns bitte unter xxxx@stonehead.at.<\/p>\n<p><strong>c &#8211;\u00a0 Beantragung der L\u00f6schung von personenbezogenen Daten<\/strong><\/p>\n<p>Die Nutzer haben das Recht, die L\u00f6schung aller ihrer personenbezogenen Daten zu verlangen. Der Antrag wird innerhalb von 14 Tagen nach Eingang des Antrags kostenlos bearbeitet. Nach der L\u00f6schung der pers\u00f6nlichen Daten ist das Benutzerkonto nicht mehr zug\u00e4nglich, und auch die erworbenen Materialien werden unzug\u00e4nglich, da die mit dem Benutzerkonto verbundenen pers\u00f6nlichen Daten f\u00fcr den Zugang zum Dienst unerl\u00e4sslich sind.<br \/>Fogas-Csern\u00f3k Csilla e.U. (StoneHead) verlangt vor der L\u00f6schung personenbezogener Daten einen Identit\u00e4tsnachweis, um Missbrauch zu verhindern. Zur L\u00f6schung personenbezogener Daten verwenden Sie bitte das oben stehende Kontaktformular.<\/p>\n<p><strong>d &#8211; Antrag auf Einschr\u00e4nkung der Verarbeitung von personenbezogenen Daten<\/strong><\/p>\n<p>Die Nutzer haben das Recht, eine Einschr\u00e4nkung der Weitergabe ihrer Daten an Dritte (Dienstleistungspartner) zu verlangen. Bei der Einreichung des Antrags k\u00f6nnen die einzuschr\u00e4nkenden Dienstpartner angegeben werden. Es ist wichtig zu beachten, dass die Zusammenarbeit mit bestimmten Dienstleistern f\u00fcr das Funktionieren der Website unerl\u00e4sslich ist (z.B. Stripe als Zahlungsdienstleister), so dass im Falle ihrer Einschr\u00e4nkung die Dienste der Website f\u00fcr den Nutzer nicht verf\u00fcgbar sind.<br \/>Fogas-Csern\u00f3k Csilla (StoneHead) verlangt einen Identit\u00e4tsnachweis, bevor sie die \u00dcbermittlung personenbezogener Daten einschr\u00e4nkt, um Missbrauch zu verhindern. Um die \u00dcbermittlung personenbezogener Daten einzuschr\u00e4nken, verwenden Sie bitte das oben stehende Kontaktformular.<\/p>\n<p><strong>9. ANONYMISIERTE DATEN UND \u201eCOOKIES\u201c<\/strong><\/p>\n<p>StoneHead verwendet auf ihrer Website, in E-Mail-Nachrichten und in der Werbung so genannte \u201eCookies\u201c. \u201eCookies\u201c und \u00e4hnliche Technologien wie Tracking-Codes, Re- Marketing-Tags, Pixel, die nach Zustimmung des Nutzers aktiviert werden.<br \/>Diese Technologien helfen uns, das Verhalten und die Interessen der Nutzer besser zu verstehen und damit effizienter und effektiver zu arbeiten.<br \/>Unser Ziel ist es, die Website https:\/\/stonehead.at so benutzerfreundlich und pers\u00f6nlich wie m\u00f6glich zu gestalten. Wenn der Nutzer der Erfassung nicht personenbezogener Daten durch diese Technologien widersprechen m\u00f6chte, kann er dies auf folgende Weise tun:<br \/>indem Sie die auf der Website angezeigten Cookie-Warnungen verwenden, um das Laden der Cookies zu deaktivieren<\/p>\n<p><strong>-Deaktivierung von Cookies im Browser<\/strong><br \/>F\u00fcr weitere Informationen \u00fcber zus\u00e4tzliche Cookies und Tracking-Codes auf stonehead.at lesen Sie bitte unsere Cookie-Erkl\u00e4rung.<\/p>\n\t\t\t\t\t\t\t\t<\/div>\n\t\t\t\t<\/div>\n\t\t\t\t\t<\/div>\n\t\t\t\t<\/div>\n\t\t\t\t<\/div>\n\t\t","protected":false},"excerpt":{"rendered":"<p>EINLEITUNG Die Einhaltung der geltenden Datenschutzbestimmungen und -gesetze ist uns sehr wichtig, daher gehen wir im Folgenden ausf\u00fchrlich auf Datenerhebungsprozesse&hellip; <a class=\"continue\" href=\"https:\/\/stonehead.at\/hu\/datenschutzerklaerung\/\">Continue Reading<span> Datenschutzerkl\u00e4rung<\/span><\/a><\/p>","protected":false},"author":1,"featured_media":0,"parent":0,"menu_order":0,"comment_status":"closed","ping_status":"open","template":"","meta":{"site-sidebar-layout":"default","site-content-layout":"","ast-site-content-layout":"default","site-content-style":"default","site-sidebar-style":"default","ast-global-header-display":"","ast-banner-title-visibility":"","ast-main-header-display":"","ast-hfb-above-header-display":"","ast-hfb-below-header-display":"","ast-hfb-mobile-header-display":"","site-post-title":"","ast-breadcrumbs-content":"","ast-featured-img":"","footer-sml-layout":"","ast-disable-related-posts":"","theme-transparent-header-meta":"","adv-header-id-meta":"","stick-header-meta":"","header-above-stick-meta":"","header-main-stick-meta":"","header-below-stick-meta":"","astra-migrate-meta-layouts":"default","ast-page-background-enabled":"default","ast-page-background-meta":{"desktop":{"background-color":"var(--ast-global-color-4)","background-image":"","background-repeat":"repeat","background-position":"center center","background-size":"auto","background-attachment":"scroll","background-type":"","background-media":"","overlay-type":"","overlay-color":"","overlay-opacity":"","overlay-gradient":""},"tablet":{"background-color":"","background-image":"","background-repeat":"repeat","background-position":"center center","background-size":"auto","background-attachment":"scroll","background-type":"","background-media":"","overlay-type":"","overlay-color":"","overlay-opacity":"","overlay-gradient":""},"mobile":{"background-color":"","background-image":"","background-repeat":"repeat","background-position":"center center","background-size":"auto","background-attachment":"scroll","background-type":"","background-media":"","overlay-type":"","overlay-color":"","overlay-opacity":"","overlay-gradient":""}},"ast-content-background-meta":{"desktop":{"background-color":"var(--ast-global-color-5)","background-image":"","background-repeat":"repeat","background-position":"center center","background-size":"auto","background-attachment":"scroll","background-type":"","background-media":"","overlay-type":"","overlay-color":"","overlay-opacity":"","overlay-gradient":""},"tablet":{"background-color":"var(--ast-global-color-5)","background-image":"","background-repeat":"repeat","background-position":"center center","background-size":"auto","background-attachment":"scroll","background-type":"","background-media":"","overlay-type":"","overlay-color":"","overlay-opacity":"","overlay-gradient":""},"mobile":{"background-color":"var(--ast-global-color-5)","background-image":"","background-repeat":"repeat","background-position":"center center","background-size":"auto","background-attachment":"scroll","background-type":"","background-media":"","overlay-type":"","overlay-color":"","overlay-opacity":"","overlay-gradient":""}},"footnotes":""},"class_list":["post-3","page","type-page","status-publish","hentry"],"_links":{"self":[{"href":"https:\/\/stonehead.at\/hu\/wp-json\/wp\/v2\/pages\/3","targetHints":{"allow":["GET"]}}],"collection":[{"href":"https:\/\/stonehead.at\/hu\/wp-json\/wp\/v2\/pages"}],"about":[{"href":"https:\/\/stonehead.at\/hu\/wp-json\/wp\/v2\/types\/page"}],"author":[{"embeddable":true,"href":"https:\/\/stonehead.at\/hu\/wp-json\/wp\/v2\/users\/1"}],"replies":[{"embeddable":true,"href":"https:\/\/stonehead.at\/hu\/wp-json\/wp\/v2\/comments?post=3"}],"version-history":[{"count":0,"href":"https:\/\/stonehead.at\/hu\/wp-json\/wp\/v2\/pages\/3\/revisions"}],"wp:attachment":[{"href":"https:\/\/stonehead.at\/hu\/wp-json\/wp\/v2\/media?parent=3"}],"curies":[{"name":"wp","href":"https:\/\/api.w.org\/{rel}","templated":true}]}}